{"id":574093,"date":"2026-04-07T16:14:38","date_gmt":"2026-04-07T14:14:38","guid":{"rendered":"https:\/\/loveforever.se\/?post_type=product&#038;p=574093"},"modified":"2026-05-06T12:50:53","modified_gmt":"2026-05-06T10:50:53","slug":"cutie-bomullskjol-med-volanger-neonrosa-neoncoral","status":"publish","type":"product","link":"https:\/\/loveforever.se\/en\/produkt\/cutie-bomullskjol-med-volanger-neonrosa-neoncoral\/","title":{"rendered":"Cutie Bomullskjol med volanger, neonrosa, neoncoral"},"content":{"rendered":"","protected":false},"excerpt":{"rendered":"<p>Supers\u00f6t kort kjol i broderat bomullstyg \u2013 ett riktigt statementplagg i magiska neonf\u00e4rger \ud83d\udc95<\/p>\n<p>Designad med smock upptill som ger en perfekt passform och g\u00f6r att du \u00e4ven kan b\u00e4ra den som topp \u2013 tv\u00e5 looks i ett! De fina volangerna nedtill skapar ett lekfullt fall och en feminin siluett.<\/p>\n<p>Finns i underbara nyanser av coral och rosa som verkligen poppar och ger din outfit det d\u00e4r lilla extra \u2728<\/p>\n<p>Styla med t-shirt, linne eller jeansskjorta f\u00f6r en avslappnad look \u2013 eller med boots, sandaler eller heels beroende p\u00e5 mood \ud83c\udf38<\/p>\n<p>\ud83d\udc49 One size \u2013 passar XS\u2013M<br \/>\n\ud83d\udc49 L\u00e4ngd: 43,5 cm<\/p>","protected":false},"featured_media":574094,"comment_status":"open","ping_status":"closed","template":"","meta":{"_acf_changed":false},"product_brand":[],"product_cat":[1146,1159,1166],"product_tag":[],"class_list":{"0":"post-574093","1":"product","2":"type-product","3":"status-publish","4":"has-post-thumbnail","6":"product_cat-nederdelar","7":"product_cat-nyheter","8":"product_cat-shop-the-look","10":"first","11":"instock","12":"taxable","13":"shipping-taxable","14":"purchasable","15":"product-type-variable"},"acf":[],"gallery_images":[574088,574080,574089,574090,574087,574091,574086,574082,574081,574079],"_links":{"self":[{"href":"https:\/\/loveforever.se\/en\/wp-json\/wp\/v2\/product\/574093","targetHints":{"allow":["GET"]}}],"collection":[{"href":"https:\/\/loveforever.se\/en\/wp-json\/wp\/v2\/product"}],"about":[{"href":"https:\/\/loveforever.se\/en\/wp-json\/wp\/v2\/types\/product"}],"replies":[{"embeddable":true,"href":"https:\/\/loveforever.se\/en\/wp-json\/wp\/v2\/comments?post=574093"}],"wp:featuredmedia":[{"embeddable":true,"href":"https:\/\/loveforever.se\/en\/wp-json\/wp\/v2\/media\/574094"}],"wp:attachment":[{"href":"https:\/\/loveforever.se\/en\/wp-json\/wp\/v2\/media?parent=574093"}],"wp:term":[{"taxonomy":"product_brand","embeddable":true,"href":"https:\/\/loveforever.se\/en\/wp-json\/wp\/v2\/product_brand?post=574093"},{"taxonomy":"product_cat","embeddable":true,"href":"https:\/\/loveforever.se\/en\/wp-json\/wp\/v2\/product_cat?post=574093"},{"taxonomy":"product_tag","embeddable":true,"href":"https:\/\/loveforever.se\/en\/wp-json\/wp\/v2\/product_tag?post=574093"}],"curies":[{"name":"wp","href":"https:\/\/api.w.org\/{rel}","templated":true}]}}