{"id":574168,"date":"2026-04-09T13:14:59","date_gmt":"2026-04-09T11:14:59","guid":{"rendered":"https:\/\/loveforever.se\/?post_type=product&#038;p=574168"},"modified":"2026-04-23T18:12:37","modified_gmt":"2026-04-23T16:12:37","slug":"millan-viskosklanning-puder-fynda","status":"publish","type":"product","link":"https:\/\/loveforever.se\/en\/produkt\/millan-viskosklanning-puder-fynda\/","title":{"rendered":"Millan Viskoskl\u00e4nning Puder &#8211; FYNDA"},"content":{"rendered":"","protected":false},"excerpt":{"rendered":"<p>H\u00e4rlig kl\u00e4nning med knappar som detalj i 100% viskos. Smickrande smock under bysten, res\u00e5r vid puffigt \u00e4rmslut. Du kan b\u00e4ra den p\u00e5 axlarna eller dra ner den offshoulder. One size, passar XS-XL. L\u00e4ngd ca 110cm.<\/p>","protected":false},"featured_media":574171,"comment_status":"open","ping_status":"closed","template":"","meta":{"_acf_changed":false},"product_brand":[],"product_cat":[1181],"product_tag":[],"class_list":{"0":"post-574168","1":"product","2":"type-product","3":"status-publish","4":"has-post-thumbnail","6":"product_cat-fynda","8":"first","9":"instock","10":"sale","11":"taxable","12":"shipping-taxable","13":"purchasable","14":"product-type-simple"},"acf":[],"gallery_images":[574170,574169],"_links":{"self":[{"href":"https:\/\/loveforever.se\/en\/wp-json\/wp\/v2\/product\/574168","targetHints":{"allow":["GET"]}}],"collection":[{"href":"https:\/\/loveforever.se\/en\/wp-json\/wp\/v2\/product"}],"about":[{"href":"https:\/\/loveforever.se\/en\/wp-json\/wp\/v2\/types\/product"}],"replies":[{"embeddable":true,"href":"https:\/\/loveforever.se\/en\/wp-json\/wp\/v2\/comments?post=574168"}],"wp:featuredmedia":[{"embeddable":true,"href":"https:\/\/loveforever.se\/en\/wp-json\/wp\/v2\/media\/574171"}],"wp:attachment":[{"href":"https:\/\/loveforever.se\/en\/wp-json\/wp\/v2\/media?parent=574168"}],"wp:term":[{"taxonomy":"product_brand","embeddable":true,"href":"https:\/\/loveforever.se\/en\/wp-json\/wp\/v2\/product_brand?post=574168"},{"taxonomy":"product_cat","embeddable":true,"href":"https:\/\/loveforever.se\/en\/wp-json\/wp\/v2\/product_cat?post=574168"},{"taxonomy":"product_tag","embeddable":true,"href":"https:\/\/loveforever.se\/en\/wp-json\/wp\/v2\/product_tag?post=574168"}],"curies":[{"name":"wp","href":"https:\/\/api.w.org\/{rel}","templated":true}]}}