{"id":574443,"date":"2026-04-14T12:33:20","date_gmt":"2026-04-14T10:33:20","guid":{"rendered":"https:\/\/loveforever.se\/?post_type=product&#038;p=574443"},"modified":"2026-05-07T14:25:44","modified_gmt":"2026-05-07T12:25:44","slug":"sara-spetstopp-denim","status":"publish","type":"product","link":"https:\/\/loveforever.se\/en\/produkt\/sara-spetstopp-denim\/","title":{"rendered":"Sara Denim top"},"content":{"rendered":"","protected":false},"excerpt":{"rendered":"<p>\ud83d\udc99 Linne i denimf\u00e4rgat tencel \u2013 mjukt, lyxigt &#038; boho chic<\/p>\n<p>Detta underbara linne i denimf\u00e4rgad tencel \u00e4r den perfekta mixen av avslappnad stil och feminin elegans. Det mjuka, f\u00f6ljsamma tyget ger ett vackert fall och k\u00e4nns otroligt sk\u00f6nt mot huden \u2013 svalkande och lyxigt p\u00e5 samma g\u00e5ng.<\/p>\n<p>Den fina spetsen i creme ger en romantisk touch och lyfter linnet till n\u00e5got ut\u00f6ver det vanliga. Den diskreta ringningen och den lediga passformen g\u00f6r det enkelt att b\u00e4ra \u2013 b\u00e5de till vardag och mer uppkl\u00e4tt \u2728<\/p>\n<p>Styla med jeans, vita byxor eller kjol f\u00f6r en effortless boho look \u2013 lika snyggt p\u00e5 stan som p\u00e5 semestern \ud83c\udf38<\/p>\n<p>\u2728 Ett tidl\u00f6st plagg med det lilla extra \u2013 feminint, mjukt och helt r\u00e4tt i s\u00e4song.<\/p>\n<p>\ud83e\uddf5 Produktinfo<\/p>\n<p>F\u00e4rg: Denimbl\u00e5 med spets i creme<br \/>\nMaterial: Tencel \u2013 mjukt, svalt och f\u00f6ljsamt<br \/>\nPassform: Ledig och smickrande modell<br \/>\nStorlek: One size \u2013 passar ca XS\u2013M<br \/>\nM\u00e5tt: Armh\u00e5la till armh\u00e5la: ca 50 cm | L\u00e4ngd: ca 61 cm<\/p>","protected":false},"featured_media":574496,"comment_status":"open","ping_status":"closed","template":"","meta":{"_acf_changed":false},"product_brand":[],"product_cat":[1147,1159,1166],"product_tag":[],"class_list":{"0":"post-574443","1":"product","2":"type-product","3":"status-publish","4":"has-post-thumbnail","6":"product_cat-toppar-blusar","7":"product_cat-nyheter","8":"product_cat-shop-the-look","10":"first","11":"instock","12":"taxable","13":"shipping-taxable","14":"purchasable","15":"product-type-simple"},"acf":[],"gallery_images":[574495,574497,574445,574448],"_links":{"self":[{"href":"https:\/\/loveforever.se\/en\/wp-json\/wp\/v2\/product\/574443","targetHints":{"allow":["GET"]}}],"collection":[{"href":"https:\/\/loveforever.se\/en\/wp-json\/wp\/v2\/product"}],"about":[{"href":"https:\/\/loveforever.se\/en\/wp-json\/wp\/v2\/types\/product"}],"replies":[{"embeddable":true,"href":"https:\/\/loveforever.se\/en\/wp-json\/wp\/v2\/comments?post=574443"}],"wp:featuredmedia":[{"embeddable":true,"href":"https:\/\/loveforever.se\/en\/wp-json\/wp\/v2\/media\/574496"}],"wp:attachment":[{"href":"https:\/\/loveforever.se\/en\/wp-json\/wp\/v2\/media?parent=574443"}],"wp:term":[{"taxonomy":"product_brand","embeddable":true,"href":"https:\/\/loveforever.se\/en\/wp-json\/wp\/v2\/product_brand?post=574443"},{"taxonomy":"product_cat","embeddable":true,"href":"https:\/\/loveforever.se\/en\/wp-json\/wp\/v2\/product_cat?post=574443"},{"taxonomy":"product_tag","embeddable":true,"href":"https:\/\/loveforever.se\/en\/wp-json\/wp\/v2\/product_tag?post=574443"}],"curies":[{"name":"wp","href":"https:\/\/api.w.org\/{rel}","templated":true}]}}