{"id":574573,"date":"2026-04-15T21:29:22","date_gmt":"2026-04-15T19:29:22","guid":{"rendered":"https:\/\/loveforever.se\/?post_type=product&#038;p=574573"},"modified":"2026-05-07T14:42:33","modified_gmt":"2026-05-07T12:42:33","slug":"bohemisk-patch-klanning-alla-ar-unika-rosa-gron-svart-bla","status":"publish","type":"product","link":"https:\/\/loveforever.se\/en\/produkt\/bohemisk-patch-klanning-alla-ar-unika-rosa-gron-svart-bla\/","title":{"rendered":"Bohemian Patch Dress - all are UNIQUE! Pink, green, black, blue"},"content":{"rendered":"","protected":false},"excerpt":{"rendered":"<p>Magisk bohemisk kl\u00e4nning i unika patchworktyger \u2013 varje kl\u00e4nning \u00e4r ett konstverk \u2728<\/p>\n<p>Den h\u00e4r fantastiska kl\u00e4nningen \u00e4r skapad av vintage saree-tyger fr\u00e5n Indien, vilket g\u00f6r varje plagg helt unikt. Du v\u00e4ljer f\u00e4rgton, men varje kl\u00e4nning har sitt eget uttryck \u2013 alla lika otroligt vackra och med den d\u00e4r \u00e4kta boho luxe-k\u00e4nslan \ud83c\udf3f<\/p>\n<p>Den feminina passformen med res\u00e5r under bysten framh\u00e4ver siluetten p\u00e5 ett smickrande s\u00e4tt, medan de luftiga fj\u00e4rils\u00e4rmarna ger ett mjukt, romantiskt och bohemiskt uttryck.<\/p>\n<p>Den sk\u00f6na l\u00e4ngden tillsammans med den f\u00f6ljsamma viskos-sidenmixen g\u00f6r kl\u00e4nningen perfekt f\u00f6r b\u00e5de vardag, semester och fest \ud83d\udcab<\/p>\n<p>B\u00e4r den med sandaler f\u00f6r en avslappnad look eller styla upp med boots eller klackar f\u00f6r en mer dressad k\u00e4nsla.<\/p>\n<p>Obs! Varje kl\u00e4nning \u00e4r unik \u2013 du kommer inte f\u00e5 exakt den som visas p\u00e5 bild eller film, utan en kl\u00e4nning i vald f\u00e4rgton som g\u00e5r i samma vackra nyanser.<\/p>\n<p>\ud83d\udc49 One size \u2013 passar S\u2013XL<br \/>\n\ud83d\udc49 Material: Viskos\/siden-mix<br \/>\n\ud83d\udc49 Unika exemplar \u2013 varje kl\u00e4nning \u00e4r one of a kind<\/p>","protected":false},"featured_media":574579,"comment_status":"open","ping_status":"closed","template":"","meta":{"_acf_changed":false},"product_brand":[],"product_cat":[1155,1151,1138,1226,1152,1159,1208],"product_tag":[],"class_list":{"0":"post-574573","1":"product","2":"type-product","3":"status-publish","4":"has-post-thumbnail","6":"product_cat-bohemiska","7":"product_cat-klanningar-dam","8":"product_cat-klanningar-tunikor","9":"product_cat-maxiklanningar","10":"product_cat-monstrade","11":"product_cat-nyheter","12":"product_cat-shoppafranlive","14":"first","15":"instock","16":"taxable","17":"shipping-taxable","18":"purchasable","19":"product-type-variable"},"acf":[],"gallery_images":[574572,574571,574569,574568,574570],"_links":{"self":[{"href":"https:\/\/loveforever.se\/en\/wp-json\/wp\/v2\/product\/574573","targetHints":{"allow":["GET"]}}],"collection":[{"href":"https:\/\/loveforever.se\/en\/wp-json\/wp\/v2\/product"}],"about":[{"href":"https:\/\/loveforever.se\/en\/wp-json\/wp\/v2\/types\/product"}],"replies":[{"embeddable":true,"href":"https:\/\/loveforever.se\/en\/wp-json\/wp\/v2\/comments?post=574573"}],"wp:featuredmedia":[{"embeddable":true,"href":"https:\/\/loveforever.se\/en\/wp-json\/wp\/v2\/media\/574579"}],"wp:attachment":[{"href":"https:\/\/loveforever.se\/en\/wp-json\/wp\/v2\/media?parent=574573"}],"wp:term":[{"taxonomy":"product_brand","embeddable":true,"href":"https:\/\/loveforever.se\/en\/wp-json\/wp\/v2\/product_brand?post=574573"},{"taxonomy":"product_cat","embeddable":true,"href":"https:\/\/loveforever.se\/en\/wp-json\/wp\/v2\/product_cat?post=574573"},{"taxonomy":"product_tag","embeddable":true,"href":"https:\/\/loveforever.se\/en\/wp-json\/wp\/v2\/product_tag?post=574573"}],"curies":[{"name":"wp","href":"https:\/\/api.w.org\/{rel}","templated":true}]}}