{"id":574993,"date":"2026-04-22T18:01:29","date_gmt":"2026-04-22T16:01:29","guid":{"rendered":"https:\/\/loveforever.se\/?post_type=product&#038;p=574993"},"modified":"2026-05-07T16:41:18","modified_gmt":"2026-05-07T14:41:18","slug":"marre-supermjuk-stickad-troja-bla-offwhite-rosa","status":"publish","type":"product","link":"https:\/\/loveforever.se\/en\/produkt\/marre-supermjuk-stickad-troja-bla-offwhite-rosa\/","title":{"rendered":"Marre Super Soft Knitted Sweater, blue, off-white, pink"},"content":{"rendered":"","protected":false},"excerpt":{"rendered":"<p>Makal\u00f6st gosig stickad tr\u00f6ja i pasteller \u2013 mjuk, trendig och helt underbar \ud83d\udc95<\/p>\n<p>Den h\u00e4r stickade tr\u00f6jan \u00e4r en riktig dr\u00f6m att b\u00e4ra \u2013 mjuk, varm och med en fantastisk f\u00e4rgkombination i pastellig rosa, cremig offwhite och soft blue som ger en fr\u00e4sch och feminin look.<\/p>\n<p>Den luftiga passformen och de trekvartsl\u00e5nga \u00e4rmarna ger en avslappnad, modern siluett som \u00e4r lika snygg till vardag som till mer uppkl\u00e4dda tillf\u00e4llen. Perfekt att styla med jeans, jeansshorts eller vita byxor f\u00f6r en ljus och stilren outfit \u2728<\/p>\n<p>Materialmixen med ull, viskos och polyamid ger b\u00e5de v\u00e4rme och en mjuk, f\u00f6ljsam k\u00e4nsla \u2013 en tr\u00f6ja du inte vill ta av dig \ud83d\udcab<\/p>\n<p>\ud83d\udc49 One size \u2013 passar S\u2013XL<br \/>\n\ud83d\udc49 9% ull, 9% viskos, 65% polyakryl, 17% polyamid<br \/>\n\ud83d\udc49 Trekvarts\u00e4rm<br \/>\n\ud83d\udc49 Mjuk &#038; gosig kvalitet<\/p>","protected":false},"featured_media":574998,"comment_status":"open","ping_status":"closed","template":"","meta":{"_acf_changed":false},"product_brand":[],"product_cat":[1159,1162],"product_tag":[],"class_list":{"0":"post-574993","1":"product","2":"type-product","3":"status-publish","4":"has-post-thumbnail","6":"product_cat-nyheter","7":"product_cat-stickat","9":"first","10":"instock","11":"taxable","12":"shipping-taxable","13":"purchasable","14":"product-type-variable"},"acf":[],"gallery_images":[574991,574992,574989,574990],"_links":{"self":[{"href":"https:\/\/loveforever.se\/en\/wp-json\/wp\/v2\/product\/574993","targetHints":{"allow":["GET"]}}],"collection":[{"href":"https:\/\/loveforever.se\/en\/wp-json\/wp\/v2\/product"}],"about":[{"href":"https:\/\/loveforever.se\/en\/wp-json\/wp\/v2\/types\/product"}],"replies":[{"embeddable":true,"href":"https:\/\/loveforever.se\/en\/wp-json\/wp\/v2\/comments?post=574993"}],"wp:featuredmedia":[{"embeddable":true,"href":"https:\/\/loveforever.se\/en\/wp-json\/wp\/v2\/media\/574998"}],"wp:attachment":[{"href":"https:\/\/loveforever.se\/en\/wp-json\/wp\/v2\/media?parent=574993"}],"wp:term":[{"taxonomy":"product_brand","embeddable":true,"href":"https:\/\/loveforever.se\/en\/wp-json\/wp\/v2\/product_brand?post=574993"},{"taxonomy":"product_cat","embeddable":true,"href":"https:\/\/loveforever.se\/en\/wp-json\/wp\/v2\/product_cat?post=574993"},{"taxonomy":"product_tag","embeddable":true,"href":"https:\/\/loveforever.se\/en\/wp-json\/wp\/v2\/product_tag?post=574993"}],"curies":[{"name":"wp","href":"https:\/\/api.w.org\/{rel}","templated":true}]}}