{"id":575116,"date":"2026-04-25T13:20:21","date_gmt":"2026-04-25T11:20:21","guid":{"rendered":"https:\/\/loveforever.se\/?post_type=product&#038;p=575116"},"modified":"2026-05-06T16:06:06","modified_gmt":"2026-05-06T14:06:06","slug":"fannie-elastiskt-armband-manga-farger","status":"publish","type":"product","link":"https:\/\/loveforever.se\/en\/produkt\/fannie-elastiskt-armband-manga-farger\/","title":{"rendered":"Fannie Elastiskt Armband &#8211; m\u00e5nga f\u00e4rger"},"content":{"rendered":"","protected":false},"excerpt":{"rendered":"<p>Fantastiska armband i underbara f\u00e4rger \u2013 perfekta f\u00f6r dig som \u00e4lskar boho luxe med en lekfull twist \u2728<br \/>\nTillverkade i resin med en fin, glansig finish som ger en lyxig k\u00e4nsla och lyfter hela din outfit.<\/p>\n<p>Armbanden \u00e4r stretchiga, vilket g\u00f6r dem enkla att ta p\u00e5 och av \u2013 lika snygga att b\u00e4ra ett som flera tillsammans f\u00f6r en mer maxad look.<\/p>\n<p>Boho luxe som passar perfekt till v\u00e5ra f\u00e4rgglada kl\u00e4nningar \u2013 en accessoar som verkligen s\u00e4tter stilen och ger det d\u00e4r lilla extra \ud83d\udc95<\/p>\n<p>Underbar kvalitet som h\u00e5ller form och f\u00e4rg, s\u00e4song efter s\u00e4song.<\/p>\n<p>\ud83d\udc49 Ett m\u00e5ste f\u00f6r en komplett Love Forever-look.<\/p>","protected":false},"featured_media":575145,"comment_status":"open","ping_status":"closed","template":"","meta":{"_acf_changed":false},"product_brand":[],"product_cat":[1133,1159,1136],"product_tag":[],"class_list":{"0":"post-575116","1":"product","2":"type-product","3":"status-publish","4":"has-post-thumbnail","6":"product_cat-accessoarer","7":"product_cat-nyheter","8":"product_cat-smycken","10":"first","11":"instock","12":"taxable","13":"shipping-taxable","14":"purchasable","15":"product-type-variable"},"acf":[],"gallery_images":[575127,575126,575125,575128,575129,575130,575131],"_links":{"self":[{"href":"https:\/\/loveforever.se\/en\/wp-json\/wp\/v2\/product\/575116","targetHints":{"allow":["GET"]}}],"collection":[{"href":"https:\/\/loveforever.se\/en\/wp-json\/wp\/v2\/product"}],"about":[{"href":"https:\/\/loveforever.se\/en\/wp-json\/wp\/v2\/types\/product"}],"replies":[{"embeddable":true,"href":"https:\/\/loveforever.se\/en\/wp-json\/wp\/v2\/comments?post=575116"}],"wp:featuredmedia":[{"embeddable":true,"href":"https:\/\/loveforever.se\/en\/wp-json\/wp\/v2\/media\/575145"}],"wp:attachment":[{"href":"https:\/\/loveforever.se\/en\/wp-json\/wp\/v2\/media?parent=575116"}],"wp:term":[{"taxonomy":"product_brand","embeddable":true,"href":"https:\/\/loveforever.se\/en\/wp-json\/wp\/v2\/product_brand?post=575116"},{"taxonomy":"product_cat","embeddable":true,"href":"https:\/\/loveforever.se\/en\/wp-json\/wp\/v2\/product_cat?post=575116"},{"taxonomy":"product_tag","embeddable":true,"href":"https:\/\/loveforever.se\/en\/wp-json\/wp\/v2\/product_tag?post=575116"}],"curies":[{"name":"wp","href":"https:\/\/api.w.org\/{rel}","templated":true}]}}