{"id":575132,"date":"2026-04-25T13:37:02","date_gmt":"2026-04-25T11:37:02","guid":{"rendered":"https:\/\/loveforever.se\/?post_type=product&#038;p=575132"},"modified":"2026-04-25T14:11:34","modified_gmt":"2026-04-25T12:11:34","slug":"fannie-necklace-multi","status":"publish","type":"product","link":"https:\/\/loveforever.se\/en\/produkt\/fannie-necklace-multi\/","title":{"rendered":"Fannie Necklace Multi"},"content":{"rendered":"","protected":false},"excerpt":{"rendered":"<p>Kort halsband i underbara multif\u00e4rgade pastellp\u00e4rlor i resin \u2013 en riktig boho luxe-dr\u00f6m som lyfter varje outfit \u2728<br \/>\nDe mjuka pastelltonerna ger ett lekfullt men samtidigt exklusivt uttryck, perfekt f\u00f6r dig som \u00e4lskar f\u00e4rg med stil.<\/p>\n<p>B\u00e4r det som en del av en matchande set-look eller l\u00e5t det bli detaljen som s\u00e4tter hela outfiten. Passar lika snyggt till v\u00e5ra f\u00e4rgglada kl\u00e4nningar som till en enkel topp eller skjorta.<\/p>\n<p>L\u00e4tt, bekv\u00e4mt och gjort i resin med fin finish som h\u00e5ller f\u00e4rgen \u00f6ver tid.<\/p>\n<p>\ud83d\udc49 Ett m\u00e5ste f\u00f6r en feminin boho chic-look med det lilla extra.<\/p>","protected":false},"featured_media":575133,"comment_status":"open","ping_status":"closed","template":"","meta":{"_acf_changed":false},"product_brand":[],"product_cat":[1133,1159,1136],"product_tag":[],"class_list":{"0":"post-575132","1":"product","2":"type-product","3":"status-publish","4":"has-post-thumbnail","6":"product_cat-accessoarer","7":"product_cat-nyheter","8":"product_cat-smycken","10":"first","11":"instock","12":"taxable","13":"shipping-taxable","14":"purchasable","15":"product-type-simple"},"acf":[],"gallery_images":[575134],"_links":{"self":[{"href":"https:\/\/loveforever.se\/en\/wp-json\/wp\/v2\/product\/575132","targetHints":{"allow":["GET"]}}],"collection":[{"href":"https:\/\/loveforever.se\/en\/wp-json\/wp\/v2\/product"}],"about":[{"href":"https:\/\/loveforever.se\/en\/wp-json\/wp\/v2\/types\/product"}],"replies":[{"embeddable":true,"href":"https:\/\/loveforever.se\/en\/wp-json\/wp\/v2\/comments?post=575132"}],"wp:featuredmedia":[{"embeddable":true,"href":"https:\/\/loveforever.se\/en\/wp-json\/wp\/v2\/media\/575133"}],"wp:attachment":[{"href":"https:\/\/loveforever.se\/en\/wp-json\/wp\/v2\/media?parent=575132"}],"wp:term":[{"taxonomy":"product_brand","embeddable":true,"href":"https:\/\/loveforever.se\/en\/wp-json\/wp\/v2\/product_brand?post=575132"},{"taxonomy":"product_cat","embeddable":true,"href":"https:\/\/loveforever.se\/en\/wp-json\/wp\/v2\/product_cat?post=575132"},{"taxonomy":"product_tag","embeddable":true,"href":"https:\/\/loveforever.se\/en\/wp-json\/wp\/v2\/product_tag?post=575132"}],"curies":[{"name":"wp","href":"https:\/\/api.w.org\/{rel}","templated":true}]}}