{"id":575338,"date":"2026-04-27T16:40:21","date_gmt":"2026-04-27T14:40:21","guid":{"rendered":"https:\/\/loveforever.se\/?post_type=product&#038;p=575338"},"modified":"2026-04-27T17:56:21","modified_gmt":"2026-04-27T15:56:21","slug":"bardot-rutig-bomullsklannig-bla-rosa","status":"publish","type":"product","link":"https:\/\/loveforever.se\/en\/produkt\/bardot-rutig-bomullsklannig-bla-rosa\/","title":{"rendered":"Bardot Striped Cotton Dress blue, pink"},"content":{"rendered":"","protected":false},"excerpt":{"rendered":"<p>Supers\u00f6t bardotrutig kl\u00e4nning i 100% krinklad bomull \u2013 en sommarfavorit med b\u00e5de charm och attityd \u2728<br \/>\nDen luftiga, mjuka bomullen ger en avslappnad k\u00e4nsla samtidigt som den bara ryggen med knyte baktill skapar en feminin och smickrande silhuett.<\/p>\n<p>Res\u00e5r i midjan framh\u00e4ver formen p\u00e5 ett bekv\u00e4mt s\u00e4tt, och de praktiska fickorna i sidorna g\u00f6r kl\u00e4nningen lika funktionell som snygg.<\/p>\n<p>Styla med sneakers f\u00f6r en casual look, boots f\u00f6r edge eller sandaler f\u00f6r en mer somrig vibe \ud83c\udf38<\/p>\n<p>One size som passar upp till:<\/p>\n<p>Byst: ca 108 cm<br \/>\nMidja: ca 86 cm<\/p>\n<p>\ud83d\udc49 En perfekt mix av boho luxe och effortless chic \u2013 l\u00e4tt att b\u00e4ra, sv\u00e5r att motst\u00e5.<\/p>","protected":false},"featured_media":575336,"comment_status":"open","ping_status":"closed","template":"","meta":{"_acf_changed":false},"product_brand":[],"product_cat":[1155,1151,1138,1154,1152,1159,1208],"product_tag":[],"class_list":{"0":"post-575338","1":"product","2":"type-product","3":"status-publish","4":"has-post-thumbnail","6":"product_cat-bohemiska","7":"product_cat-klanningar-dam","8":"product_cat-klanningar-tunikor","9":"product_cat-langa","10":"product_cat-monstrade","11":"product_cat-nyheter","12":"product_cat-shoppafranlive","14":"first","15":"outofstock","16":"taxable","17":"shipping-taxable","18":"purchasable","19":"product-type-variable"},"acf":[],"gallery_images":[575337],"_links":{"self":[{"href":"https:\/\/loveforever.se\/en\/wp-json\/wp\/v2\/product\/575338","targetHints":{"allow":["GET"]}}],"collection":[{"href":"https:\/\/loveforever.se\/en\/wp-json\/wp\/v2\/product"}],"about":[{"href":"https:\/\/loveforever.se\/en\/wp-json\/wp\/v2\/types\/product"}],"replies":[{"embeddable":true,"href":"https:\/\/loveforever.se\/en\/wp-json\/wp\/v2\/comments?post=575338"}],"wp:featuredmedia":[{"embeddable":true,"href":"https:\/\/loveforever.se\/en\/wp-json\/wp\/v2\/media\/575336"}],"wp:attachment":[{"href":"https:\/\/loveforever.se\/en\/wp-json\/wp\/v2\/media?parent=575338"}],"wp:term":[{"taxonomy":"product_brand","embeddable":true,"href":"https:\/\/loveforever.se\/en\/wp-json\/wp\/v2\/product_brand?post=575338"},{"taxonomy":"product_cat","embeddable":true,"href":"https:\/\/loveforever.se\/en\/wp-json\/wp\/v2\/product_cat?post=575338"},{"taxonomy":"product_tag","embeddable":true,"href":"https:\/\/loveforever.se\/en\/wp-json\/wp\/v2\/product_tag?post=575338"}],"curies":[{"name":"wp","href":"https:\/\/api.w.org\/{rel}","templated":true}]}}