{"id":575384,"date":"2026-04-27T21:50:16","date_gmt":"2026-04-27T19:50:16","guid":{"rendered":"https:\/\/loveforever.se\/?post_type=product&#038;p=575384"},"modified":"2026-05-06T20:57:36","modified_gmt":"2026-05-06T18:57:36","slug":"sea-star-armband-rosa-och-vitt","status":"publish","type":"product","link":"https:\/\/loveforever.se\/en\/produkt\/sea-star-armband-rosa-och-vitt\/","title":{"rendered":"Sea Star Armband &#8211; rosa och vitt"},"content":{"rendered":"","protected":false},"excerpt":{"rendered":"<p>Boho luxe armband med sj\u00f6stj\u00e4rnor \u2013 en somrig dr\u00f6m i rosa eller vitt, mixat med guldiga sj\u00f6stj\u00e4rnor \u2728<br \/>\nPerfekta f\u00f6r dig som vill addera en feminin, beachy k\u00e4nsla till din look.<\/p>\n<p>Armbanden \u00e4r elastiska, vilket g\u00f6r dem enkla att ta p\u00e5 och av \u2013 lika snygga att b\u00e4ra ensamma som flera tillsammans f\u00f6r en mer maxad boho chic-stil.<\/p>\n<p>Den lekfulla mixen av mjuka f\u00e4rger och glittrande gulddetaljer ger en lyxig k\u00e4nsla som passar perfekt till b\u00e5de vardag och semester \ud83c\udf34<\/p>\n<p>\ud83d\udc49 Matcha med dina favoritkl\u00e4nningar f\u00f6r en komplett boho luxe-look.<\/p>","protected":false},"featured_media":575377,"comment_status":"open","ping_status":"closed","template":"","meta":{"_acf_changed":false},"product_brand":[],"product_cat":[1133,1159,15,1136],"product_tag":[],"class_list":{"0":"post-575384","1":"product","2":"type-product","3":"status-publish","4":"has-post-thumbnail","6":"product_cat-accessoarer","7":"product_cat-nyheter","8":"product_cat-okategoriserad","9":"product_cat-smycken","11":"first","12":"instock","13":"taxable","14":"shipping-taxable","15":"purchasable","16":"product-type-variable"},"acf":[],"gallery_images":[575379,575378],"_links":{"self":[{"href":"https:\/\/loveforever.se\/en\/wp-json\/wp\/v2\/product\/575384","targetHints":{"allow":["GET"]}}],"collection":[{"href":"https:\/\/loveforever.se\/en\/wp-json\/wp\/v2\/product"}],"about":[{"href":"https:\/\/loveforever.se\/en\/wp-json\/wp\/v2\/types\/product"}],"replies":[{"embeddable":true,"href":"https:\/\/loveforever.se\/en\/wp-json\/wp\/v2\/comments?post=575384"}],"wp:featuredmedia":[{"embeddable":true,"href":"https:\/\/loveforever.se\/en\/wp-json\/wp\/v2\/media\/575377"}],"wp:attachment":[{"href":"https:\/\/loveforever.se\/en\/wp-json\/wp\/v2\/media?parent=575384"}],"wp:term":[{"taxonomy":"product_brand","embeddable":true,"href":"https:\/\/loveforever.se\/en\/wp-json\/wp\/v2\/product_brand?post=575384"},{"taxonomy":"product_cat","embeddable":true,"href":"https:\/\/loveforever.se\/en\/wp-json\/wp\/v2\/product_cat?post=575384"},{"taxonomy":"product_tag","embeddable":true,"href":"https:\/\/loveforever.se\/en\/wp-json\/wp\/v2\/product_tag?post=575384"}],"curies":[{"name":"wp","href":"https:\/\/api.w.org\/{rel}","templated":true}]}}