{"id":575389,"date":"2026-04-27T21:59:29","date_gmt":"2026-04-27T19:59:29","guid":{"rendered":"https:\/\/loveforever.se\/?post_type=product&#038;p=575389"},"modified":"2026-05-06T16:47:51","modified_gmt":"2026-05-06T14:47:51","slug":"lipton-elastiskt-armband-multi","status":"publish","type":"product","link":"https:\/\/loveforever.se\/en\/produkt\/lipton-elastiskt-armband-multi\/","title":{"rendered":"Lipton Elastiskt Armband Multi"},"content":{"rendered":"","protected":false},"excerpt":{"rendered":"<p>Superfint elastiskt armband i underbara pastellf\u00e4rger \u2013 en dr\u00f6m f\u00f6r dig som \u00e4lskar boho luxe med en lekfull twist \u2728<br \/>\nMjuka toner av multi pastell, rosa, bl\u00e5 och gul som ger ett unikt och trendigt uttryck.<\/p>\n<p>Armbandet \u00e4r stretchigt, vilket g\u00f6r det enkla att ta p\u00e5 och av \u2013 perfekt f\u00f6r b\u00e5de vardag och fest.<\/p>\n<p>S\u00e5 fina b\u00e5de ensamma och i kombination med v\u00e5ra andra armband \u2013 mixa, matcha och skapa din egen personliga stil \ud83d\udc95<\/p>\n<p>\ud83d\udc49 Perfekt till v\u00e5ra f\u00e4rgglada kl\u00e4nningar f\u00f6r en komplett boho chic look.<\/p>","protected":false},"featured_media":575387,"comment_status":"open","ping_status":"closed","template":"","meta":{"_acf_changed":false},"product_brand":[],"product_cat":[1133,1159,1136],"product_tag":[],"class_list":{"0":"post-575389","1":"product","2":"type-product","3":"status-publish","4":"has-post-thumbnail","6":"product_cat-accessoarer","7":"product_cat-nyheter","8":"product_cat-smycken","10":"first","11":"instock","12":"taxable","13":"shipping-taxable","14":"purchasable","15":"product-type-simple"},"acf":[],"gallery_images":[575388],"_links":{"self":[{"href":"https:\/\/loveforever.se\/en\/wp-json\/wp\/v2\/product\/575389","targetHints":{"allow":["GET"]}}],"collection":[{"href":"https:\/\/loveforever.se\/en\/wp-json\/wp\/v2\/product"}],"about":[{"href":"https:\/\/loveforever.se\/en\/wp-json\/wp\/v2\/types\/product"}],"replies":[{"embeddable":true,"href":"https:\/\/loveforever.se\/en\/wp-json\/wp\/v2\/comments?post=575389"}],"wp:featuredmedia":[{"embeddable":true,"href":"https:\/\/loveforever.se\/en\/wp-json\/wp\/v2\/media\/575387"}],"wp:attachment":[{"href":"https:\/\/loveforever.se\/en\/wp-json\/wp\/v2\/media?parent=575389"}],"wp:term":[{"taxonomy":"product_brand","embeddable":true,"href":"https:\/\/loveforever.se\/en\/wp-json\/wp\/v2\/product_brand?post=575389"},{"taxonomy":"product_cat","embeddable":true,"href":"https:\/\/loveforever.se\/en\/wp-json\/wp\/v2\/product_cat?post=575389"},{"taxonomy":"product_tag","embeddable":true,"href":"https:\/\/loveforever.se\/en\/wp-json\/wp\/v2\/product_tag?post=575389"}],"curies":[{"name":"wp","href":"https:\/\/api.w.org\/{rel}","templated":true}]}}