{"id":575478,"date":"2026-04-29T21:54:08","date_gmt":"2026-04-29T19:54:08","guid":{"rendered":"https:\/\/loveforever.se\/?post_type=product&#038;p=575478"},"modified":"2026-05-06T00:04:33","modified_gmt":"2026-05-05T22:04:33","slug":"susanne-bohemisk-blus-rosa-palm","status":"publish","type":"product","link":"https:\/\/loveforever.se\/en\/produkt\/susanne-bohemisk-blus-rosa-palm\/","title":{"rendered":"Susanne Bohemian Blouse Pink Palm"},"content":{"rendered":"","protected":false},"excerpt":{"rendered":"<p>Susanne Blouse \u2013 i v\u00e5rt ikoniska Love Forever-print som s\u00e5 m\u00e5nga f\u00f6rs\u00f6kt kopiera \u2728<br \/>\nNu i en dr\u00f6mmig f\u00e4rgkombination av mjuk puderrosa med palmprint och inslag av bl\u00e5tt och orange \u2013 en perfekt mix av boho luxe och f\u00e4rgstark attityd.<\/p>\n<p>Denna luftiga blus i 100% viskos faller mjukt och f\u00f6ljsamt p\u00e5 kroppen med en avslappnad passform som smickrar m\u00e5nga olika kroppstyper. De l\u00e5nga bomullstasselsen vid halsen kan b\u00e4ras knutna eller l\u00f6sa beroende p\u00e5 vibe \u2013 mer romantisk eller mer effortless cool.<\/p>\n<p>Res\u00e5r och volangdetaljer vid \u00e4rmsluten ger b\u00e5de komfort och det lilla extra i designen.<\/p>\n<p>Perfekt f\u00f6r b\u00e5de vardag och fest \u2013 styla med jeans, shorts eller kjol. Lika snygg med boots och klackar som med sneakers eller sandaler \ud83c\udf34<\/p>\n<p>\ud83d\udc49 Ett statement-plagg i \u00e4kta Love Forever-anda \u2013 boho luxe, feminin och cool.<\/p>","protected":false},"featured_media":575464,"comment_status":"closed","ping_status":"closed","template":"","meta":{"_acf_changed":false},"product_brand":[],"product_cat":[1147,1159],"product_tag":[],"class_list":{"0":"post-575478","1":"product","2":"type-product","3":"status-publish","4":"has-post-thumbnail","6":"product_cat-toppar-blusar","7":"product_cat-nyheter","9":"first","10":"instock","11":"taxable","12":"shipping-taxable","13":"purchasable","14":"product-type-simple"},"acf":[],"gallery_images":[575477,575466,575467],"_links":{"self":[{"href":"https:\/\/loveforever.se\/en\/wp-json\/wp\/v2\/product\/575478","targetHints":{"allow":["GET"]}}],"collection":[{"href":"https:\/\/loveforever.se\/en\/wp-json\/wp\/v2\/product"}],"about":[{"href":"https:\/\/loveforever.se\/en\/wp-json\/wp\/v2\/types\/product"}],"replies":[{"embeddable":true,"href":"https:\/\/loveforever.se\/en\/wp-json\/wp\/v2\/comments?post=575478"}],"wp:featuredmedia":[{"embeddable":true,"href":"https:\/\/loveforever.se\/en\/wp-json\/wp\/v2\/media\/575464"}],"wp:attachment":[{"href":"https:\/\/loveforever.se\/en\/wp-json\/wp\/v2\/media?parent=575478"}],"wp:term":[{"taxonomy":"product_brand","embeddable":true,"href":"https:\/\/loveforever.se\/en\/wp-json\/wp\/v2\/product_brand?post=575478"},{"taxonomy":"product_cat","embeddable":true,"href":"https:\/\/loveforever.se\/en\/wp-json\/wp\/v2\/product_cat?post=575478"},{"taxonomy":"product_tag","embeddable":true,"href":"https:\/\/loveforever.se\/en\/wp-json\/wp\/v2\/product_tag?post=575478"}],"curies":[{"name":"wp","href":"https:\/\/api.w.org\/{rel}","templated":true}]}}