{"id":575586,"date":"2026-05-01T23:54:26","date_gmt":"2026-05-01T21:54:26","guid":{"rendered":"https:\/\/loveforever.se\/?post_type=product&#038;p=575586"},"modified":"2026-05-01T23:55:05","modified_gmt":"2026-05-01T21:55:05","slug":"cowboy-stra-beige-o-brun","status":"publish","type":"product","link":"https:\/\/loveforever.se\/en\/produkt\/cowboy-stra-beige-o-brun\/","title":{"rendered":"Cowboy Str\u00e5 &#8211; beige o brun"},"content":{"rendered":"","protected":false},"excerpt":{"rendered":"<p>Supercool cowboyhatt som lyfter varje look direkt \u2013 boho luxe m\u00f6ter rock \u2018n\u2019 roll \ud83e\udd20\u2728<br \/>\nFinns i beige eller brun och ger den perfekta finishen till allt fr\u00e5n kl\u00e4nning till denim.<\/p>\n<p>Hatten har justerbar storlek f\u00f6r perfekt passform och ett formbart br\u00e4tte som du kan styla precis som du vill \u2013 mer avslappnat eller mer markerat beroende p\u00e5 din vibe.<\/p>\n<p>Matcha med en bohokl\u00e4nning f\u00f6r en feminin look, eller med jeans och boots f\u00f6r en mer edgy k\u00e4nsla. Lika snygg med sandaler som sneakers \u2013 ett riktigt statement-plagg \u00e5ret om.<\/p>\n<p>\ud83d\udc49 Den d\u00e4r detaljen som g\u00f6r hela outfiten.<\/p>","protected":false},"featured_media":575589,"comment_status":"open","ping_status":"closed","template":"","meta":{"_acf_changed":false},"product_brand":[],"product_cat":[1133,1134,1159],"product_tag":[],"class_list":{"0":"post-575586","1":"product","2":"type-product","3":"status-publish","4":"has-post-thumbnail","6":"product_cat-accessoarer","7":"product_cat-mossor-hattar","8":"product_cat-nyheter","10":"first","11":"instock","12":"taxable","13":"shipping-taxable","14":"purchasable","15":"product-type-variable"},"acf":[],"gallery_images":[575584,575583,575582,575581,575580],"_links":{"self":[{"href":"https:\/\/loveforever.se\/en\/wp-json\/wp\/v2\/product\/575586","targetHints":{"allow":["GET"]}}],"collection":[{"href":"https:\/\/loveforever.se\/en\/wp-json\/wp\/v2\/product"}],"about":[{"href":"https:\/\/loveforever.se\/en\/wp-json\/wp\/v2\/types\/product"}],"replies":[{"embeddable":true,"href":"https:\/\/loveforever.se\/en\/wp-json\/wp\/v2\/comments?post=575586"}],"wp:featuredmedia":[{"embeddable":true,"href":"https:\/\/loveforever.se\/en\/wp-json\/wp\/v2\/media\/575589"}],"wp:attachment":[{"href":"https:\/\/loveforever.se\/en\/wp-json\/wp\/v2\/media?parent=575586"}],"wp:term":[{"taxonomy":"product_brand","embeddable":true,"href":"https:\/\/loveforever.se\/en\/wp-json\/wp\/v2\/product_brand?post=575586"},{"taxonomy":"product_cat","embeddable":true,"href":"https:\/\/loveforever.se\/en\/wp-json\/wp\/v2\/product_cat?post=575586"},{"taxonomy":"product_tag","embeddable":true,"href":"https:\/\/loveforever.se\/en\/wp-json\/wp\/v2\/product_tag?post=575586"}],"curies":[{"name":"wp","href":"https:\/\/api.w.org\/{rel}","templated":true}]}}