{"id":575633,"date":"2026-05-03T16:53:34","date_gmt":"2026-05-03T14:53:34","guid":{"rendered":"https:\/\/loveforever.se\/?post_type=product&#038;p=575633"},"modified":"2026-05-06T20:57:36","modified_gmt":"2026-05-06T18:57:36","slug":"bandana-jumpsuit-bomull-flera-farger","status":"publish","type":"product","link":"https:\/\/loveforever.se\/en\/produkt\/bandana-jumpsuit-bomull-flera-farger\/","title":{"rendered":"Bandana Jumpsuit Cotton - multiple colors"},"content":{"rendered":"","protected":false},"excerpt":{"rendered":"<p>Magisk jumpsuit med shorts och kjol \u00f6ver \u2013 den perfekta mixen av lekfullt, feminint och boho luxe \u2728<br \/>\nDesignad med smock runt hela \u00f6verdelen som formar sig snyggt efter kroppen och ger en smickrande silhuett.<\/p>\n<p>Den smarta designen med shorts under och kjol ovanp\u00e5 ger b\u00e5de komfort och r\u00f6relsefrihet \u2013 du f\u00e5r looken av en kl\u00e4nning men k\u00e4nslan av en jumpsuit.<\/p>\n<p>Det justerbara sn\u00f6ret framtill kan b\u00e4ras som halterneck eller knytas som en s\u00f6t rosett f\u00f6r en mer avslappnad look.<\/p>\n<p>Tillverkad i 100% krinklad bomull \u2013 sval, mjuk och helt strykfri. Det trendiga bandanaprintet i rosa, gul, r\u00f6d och ljusbl\u00e5 ger en f\u00e4rgstark, unik k\u00e4nsla som verkligen sticker ut.<\/p>\n<p>One size som passar XS\u2013L.<\/p>\n<p>Styla med sandaler f\u00f6r en somrig vibe, sneakers f\u00f6r en casual look eller boots f\u00f6r mer edge \ud83d\udca5<\/p>\n<p>\ud83d\udc49 Ett statement-plagg du bara sl\u00e4nger p\u00e5 dig \u2013 klart.<\/p>","protected":false},"featured_media":575626,"comment_status":"open","ping_status":"closed","template":"","meta":{"_acf_changed":false},"product_brand":[],"product_cat":[1151,1138,1156,1146,1159],"product_tag":[],"class_list":{"0":"post-575633","1":"product","2":"type-product","3":"status-publish","4":"has-post-thumbnail","6":"product_cat-klanningar-dam","7":"product_cat-klanningar-tunikor","8":"product_cat-korta","9":"product_cat-nederdelar","10":"product_cat-nyheter","12":"first","13":"instock","14":"taxable","15":"shipping-taxable","16":"purchasable","17":"product-type-variable"},"acf":[],"gallery_images":[575631,575630,575629,575628,575632,575627],"_links":{"self":[{"href":"https:\/\/loveforever.se\/en\/wp-json\/wp\/v2\/product\/575633","targetHints":{"allow":["GET"]}}],"collection":[{"href":"https:\/\/loveforever.se\/en\/wp-json\/wp\/v2\/product"}],"about":[{"href":"https:\/\/loveforever.se\/en\/wp-json\/wp\/v2\/types\/product"}],"replies":[{"embeddable":true,"href":"https:\/\/loveforever.se\/en\/wp-json\/wp\/v2\/comments?post=575633"}],"wp:featuredmedia":[{"embeddable":true,"href":"https:\/\/loveforever.se\/en\/wp-json\/wp\/v2\/media\/575626"}],"wp:attachment":[{"href":"https:\/\/loveforever.se\/en\/wp-json\/wp\/v2\/media?parent=575633"}],"wp:term":[{"taxonomy":"product_brand","embeddable":true,"href":"https:\/\/loveforever.se\/en\/wp-json\/wp\/v2\/product_brand?post=575633"},{"taxonomy":"product_cat","embeddable":true,"href":"https:\/\/loveforever.se\/en\/wp-json\/wp\/v2\/product_cat?post=575633"},{"taxonomy":"product_tag","embeddable":true,"href":"https:\/\/loveforever.se\/en\/wp-json\/wp\/v2\/product_tag?post=575633"}],"curies":[{"name":"wp","href":"https:\/\/api.w.org\/{rel}","templated":true}]}}