{"id":575647,"date":"2026-05-03T22:24:46","date_gmt":"2026-05-03T20:24:46","guid":{"rendered":"https:\/\/loveforever.se\/?post_type=product&#038;p=575647"},"modified":"2026-05-06T17:11:38","modified_gmt":"2026-05-06T15:11:38","slug":"mumbai-bohemisk-kjol-som-aven-funkar-som-klanning","status":"publish","type":"product","link":"https:\/\/loveforever.se\/en\/produkt\/mumbai-bohemisk-kjol-som-aven-funkar-som-klanning\/","title":{"rendered":"Mumbai Bohemian Skirt - also works as a dress"},"content":{"rendered":"","protected":false},"excerpt":{"rendered":"<p>En superfin bohemisk kjol med bred smock upptill och flera vackra volanger som skapar en fantastisk vidd och ett mjukt, levande fall. Den breda smocken, ca 18 cm h\u00f6g, g\u00f6r kjolen extra bekv\u00e4m och flexibel och kan \u00e4ven b\u00e4ras uppdraget som en axelbandsl\u00f6s kl\u00e4nning f\u00f6r en helt ny look. Perfekt n\u00e4r du vill packa l\u00e4tt men \u00e4nd\u00e5 ha m\u00e5nga stylingm\u00f6jligheter.<\/p>\n<p>Tyget i mjuk vintage silk-k\u00e4nsla ger kjolen en lyxig och luftig k\u00e4nsla samtidigt som de harmoniska f\u00e4rgerna g\u00f6r den enkel att matcha med det mesta i garderoben. B\u00e4r den till vardags med en t-shirt eller linne och sneakers, eller styla upp den med en festtopp, boots eller sandaler f\u00f6r en mer uppkl\u00e4dd bohemisk stil.<\/p>\n<p>En m\u00e5ngsidig favorit som fungerar \u00e5ret om, lika fin p\u00e5 sommaren som med stickat under svalare dagar.<br \/>\nSmocken kan vara i det turkos tyget som p\u00e5 fotona, men det rosa tyget kan ocks\u00e5 hamna i smocken s\u00e5 har du \u00f6nskem\u00e5l om vilken f\u00e4rg du vill ha i smocken, skriv i notering i kassan s\u00e5 f\u00f6rs\u00f6ker vi l\u00f6sa detta. <\/p>\n<p>Detaljer:<br \/>\n\u2022 Bred smock upptill, ca 18 cm<br \/>\n\u2022 Flera volanger med h\u00e4rlig vidd<br \/>\n\u2022 Kan \u00e4ven b\u00e4ras som axelbandsl\u00f6s kl\u00e4nning<br \/>\n\u2022 Mjukt tyg med vintage silk-k\u00e4nsla<br \/>\n\u2022 One size \u2013 passar ca XS\u2013XL<br \/>\n\u2022 L\u00e4tt, f\u00f6ljsam och bekv\u00e4m passform<\/p>\n<p>L\u00e4ngd ca 103cm, t\u00e4nk p\u00e5 att det alltid kan variera lite<br \/>\nLeverans sker mitten av maj. <\/p>","protected":false},"featured_media":575648,"comment_status":"open","ping_status":"closed","template":"","meta":{"_acf_changed":false},"product_brand":[],"product_cat":[1146,1159],"product_tag":[],"class_list":{"0":"post-575647","1":"product","2":"type-product","3":"status-publish","4":"has-post-thumbnail","6":"product_cat-nederdelar","7":"product_cat-nyheter","9":"first","10":"instock","11":"taxable","12":"shipping-taxable","13":"purchasable","14":"product-type-simple"},"acf":[],"gallery_images":[575649,575650],"_links":{"self":[{"href":"https:\/\/loveforever.se\/en\/wp-json\/wp\/v2\/product\/575647","targetHints":{"allow":["GET"]}}],"collection":[{"href":"https:\/\/loveforever.se\/en\/wp-json\/wp\/v2\/product"}],"about":[{"href":"https:\/\/loveforever.se\/en\/wp-json\/wp\/v2\/types\/product"}],"replies":[{"embeddable":true,"href":"https:\/\/loveforever.se\/en\/wp-json\/wp\/v2\/comments?post=575647"}],"wp:featuredmedia":[{"embeddable":true,"href":"https:\/\/loveforever.se\/en\/wp-json\/wp\/v2\/media\/575648"}],"wp:attachment":[{"href":"https:\/\/loveforever.se\/en\/wp-json\/wp\/v2\/media?parent=575647"}],"wp:term":[{"taxonomy":"product_brand","embeddable":true,"href":"https:\/\/loveforever.se\/en\/wp-json\/wp\/v2\/product_brand?post=575647"},{"taxonomy":"product_cat","embeddable":true,"href":"https:\/\/loveforever.se\/en\/wp-json\/wp\/v2\/product_cat?post=575647"},{"taxonomy":"product_tag","embeddable":true,"href":"https:\/\/loveforever.se\/en\/wp-json\/wp\/v2\/product_tag?post=575647"}],"curies":[{"name":"wp","href":"https:\/\/api.w.org\/{rel}","templated":true}]}}