{"id":575796,"date":"2026-05-06T13:11:51","date_gmt":"2026-05-06T11:11:51","guid":{"rendered":"https:\/\/loveforever.se\/?post_type=product&#038;p=575796"},"modified":"2026-05-06T13:13:05","modified_gmt":"2026-05-06T11:13:05","slug":"star-ring-guld-o-silver","status":"publish","type":"product","link":"https:\/\/loveforever.se\/en\/produkt\/star-ring-guld-o-silver\/","title":{"rendered":"Gold and Silver Star Ring"},"content":{"rendered":"","protected":false},"excerpt":{"rendered":"<p>Superfina ringar med sj\u00f6stj\u00e4rnor \u2013 en perfekt mix av boho luxe och somrig elegans \u2728<br \/>\nFinns i guld eller silver och blir en vacker detalj som lyfter hela din look.<\/p>\n<p>Den \u00f6ppna designen baktill g\u00f6r ringarna justerbara, vilket g\u00f6r att de passar alla fingrar och \u00e4r enkla att anpassa efter din stil.<\/p>\n<p>Perfekta att b\u00e4ra enskilt f\u00f6r en subtil touch eller kombinera flera f\u00f6r en mer statement look \u2013 lika snygga till kl\u00e4nning som till jeans och t-shirt \ud83c\udf0a<\/p>\n<p>\ud83d\udc49 Ett litet smycke som g\u00f6r stor skillnad.<\/p>","protected":false},"featured_media":575801,"comment_status":"open","ping_status":"closed","template":"","meta":{"_acf_changed":false},"product_brand":[],"product_cat":[1133,1159,1136],"product_tag":[],"class_list":{"0":"post-575796","1":"product","2":"type-product","3":"status-publish","4":"has-post-thumbnail","6":"product_cat-accessoarer","7":"product_cat-nyheter","8":"product_cat-smycken","10":"first","11":"instock","12":"taxable","13":"shipping-taxable","14":"purchasable","15":"product-type-variable"},"acf":[],"gallery_images":[575803,575804,575802],"_links":{"self":[{"href":"https:\/\/loveforever.se\/en\/wp-json\/wp\/v2\/product\/575796","targetHints":{"allow":["GET"]}}],"collection":[{"href":"https:\/\/loveforever.se\/en\/wp-json\/wp\/v2\/product"}],"about":[{"href":"https:\/\/loveforever.se\/en\/wp-json\/wp\/v2\/types\/product"}],"replies":[{"embeddable":true,"href":"https:\/\/loveforever.se\/en\/wp-json\/wp\/v2\/comments?post=575796"}],"wp:featuredmedia":[{"embeddable":true,"href":"https:\/\/loveforever.se\/en\/wp-json\/wp\/v2\/media\/575801"}],"wp:attachment":[{"href":"https:\/\/loveforever.se\/en\/wp-json\/wp\/v2\/media?parent=575796"}],"wp:term":[{"taxonomy":"product_brand","embeddable":true,"href":"https:\/\/loveforever.se\/en\/wp-json\/wp\/v2\/product_brand?post=575796"},{"taxonomy":"product_cat","embeddable":true,"href":"https:\/\/loveforever.se\/en\/wp-json\/wp\/v2\/product_cat?post=575796"},{"taxonomy":"product_tag","embeddable":true,"href":"https:\/\/loveforever.se\/en\/wp-json\/wp\/v2\/product_tag?post=575796"}],"curies":[{"name":"wp","href":"https:\/\/api.w.org\/{rel}","templated":true}]}}