{"id":575812,"date":"2026-05-06T15:24:13","date_gmt":"2026-05-06T13:24:13","guid":{"rendered":"https:\/\/loveforever.se\/?post_type=product&#038;p=575812"},"modified":"2026-05-06T15:25:21","modified_gmt":"2026-05-06T13:25:21","slug":"summer-necklace","status":"publish","type":"product","link":"https:\/\/loveforever.se\/en\/produkt\/summer-necklace\/","title":{"rendered":"Summer Necklace"},"content":{"rendered":"","protected":false},"excerpt":{"rendered":"<p>Superfint halsband med berlocker i somriga motiv \u2013 en lekfull mix av sn\u00e4ckor, sj\u00f6h\u00e4star, blommor och sj\u00f6stj\u00e4rnor som f\u00e5ngar k\u00e4nslan av sol, strand och semester \ud83c\udf38\ud83d\udc1a<\/p>\n<p>Detta halsband ger direkt liv till din outfit och blir en perfekt detalj f\u00f6r dig som \u00e4lskar f\u00e4rg, form och boho luxe. B\u00e4r det som ett statement-smycke eller kombinera med andra halsband f\u00f6r en mer personlig look.<\/p>\n<p>Lika snyggt till kl\u00e4nning som till t-shirt och jeans \u2013 ett m\u00e5ste f\u00f6r sommarens alla tillf\u00e4llen \u2600\ufe0f<\/p>\n<p>\ud83d\udc49 Ett smycke som andas sommar fr\u00e5n f\u00f6rsta sekund.<\/p>","protected":false},"featured_media":575807,"comment_status":"open","ping_status":"closed","template":"","meta":{"_acf_changed":false},"product_brand":[],"product_cat":[1133,1136],"product_tag":[],"class_list":{"0":"post-575812","1":"product","2":"type-product","3":"status-publish","4":"has-post-thumbnail","6":"product_cat-accessoarer","7":"product_cat-smycken","9":"first","10":"instock","11":"taxable","12":"shipping-taxable","13":"purchasable","14":"product-type-variable"},"acf":[],"gallery_images":[575810,575811,575809],"_links":{"self":[{"href":"https:\/\/loveforever.se\/en\/wp-json\/wp\/v2\/product\/575812","targetHints":{"allow":["GET"]}}],"collection":[{"href":"https:\/\/loveforever.se\/en\/wp-json\/wp\/v2\/product"}],"about":[{"href":"https:\/\/loveforever.se\/en\/wp-json\/wp\/v2\/types\/product"}],"replies":[{"embeddable":true,"href":"https:\/\/loveforever.se\/en\/wp-json\/wp\/v2\/comments?post=575812"}],"wp:featuredmedia":[{"embeddable":true,"href":"https:\/\/loveforever.se\/en\/wp-json\/wp\/v2\/media\/575807"}],"wp:attachment":[{"href":"https:\/\/loveforever.se\/en\/wp-json\/wp\/v2\/media?parent=575812"}],"wp:term":[{"taxonomy":"product_brand","embeddable":true,"href":"https:\/\/loveforever.se\/en\/wp-json\/wp\/v2\/product_brand?post=575812"},{"taxonomy":"product_cat","embeddable":true,"href":"https:\/\/loveforever.se\/en\/wp-json\/wp\/v2\/product_cat?post=575812"},{"taxonomy":"product_tag","embeddable":true,"href":"https:\/\/loveforever.se\/en\/wp-json\/wp\/v2\/product_tag?post=575812"}],"curies":[{"name":"wp","href":"https:\/\/api.w.org\/{rel}","templated":true}]}}