{"id":575827,"date":"2026-05-06T15:27:02","date_gmt":"2026-05-06T13:27:02","guid":{"rendered":"https:\/\/loveforever.se\/?post_type=product&#038;p=575827"},"modified":"2026-05-07T09:05:36","modified_gmt":"2026-05-07T07:05:36","slug":"jessica-jumpsuit-bomull-flera-farger","status":"publish","type":"product","link":"https:\/\/loveforever.se\/en\/produkt\/jessica-jumpsuit-bomull-flera-farger\/","title":{"rendered":"Jessica Jumpsuit Cotton - several colors"},"content":{"rendered":"","protected":false},"excerpt":{"rendered":"<p>Magisk jumpsuit med shorts och kjol \u00f6ver \u2013 den perfekta mixen av lekfullt, feminint och boho luxe \u2728<br \/>\nNu i stilrena enf\u00e4rgade nyanser: camel, coral, army och svart \u2013 tidl\u00f6sa f\u00e4rger som passar till allt.<\/p>\n<p>Den f\u00f6ljsamma \u00f6verdelen formar sig fint efter kroppen och ger en smickrande, feminin silhuett.<\/p>\n<p>Den smarta designen med shorts under och kjol ovanp\u00e5 ger b\u00e5de komfort och r\u00f6relsefrihet \u2013 du f\u00e5r looken av en kl\u00e4nning men k\u00e4nslan av en jumpsuit.<\/p>\n<p>Det justerbara sn\u00f6ret framtill kan b\u00e4ras som halterneck eller knytas som en s\u00f6t rosett f\u00f6r en mer avslappnad look.<\/p>\n<p>Tillverkad i 100% krinklad bomull \u2013 sval, mjuk och helt strykfri. En perfekt throw-on piece som funkar fr\u00e5n strand till city.<\/p>\n<p>One size \u2013 passar XS\u2013L<\/p>\n<p>Styla med sandaler f\u00f6r en somrig vibe, sneakers f\u00f6r en casual look eller boots f\u00f6r mer edge \ud83d\udca5<\/p>\n<p>\ud83d\udc49 Ett effortless plagg du bara sl\u00e4nger p\u00e5 dig \u2013 klart.<\/p>","protected":false},"featured_media":575840,"comment_status":"open","ping_status":"closed","template":"","meta":{"_acf_changed":false},"product_brand":[],"product_cat":[1151,1156,1146,1159],"product_tag":[],"class_list":{"0":"post-575827","1":"product","2":"type-product","3":"status-publish","4":"has-post-thumbnail","6":"product_cat-klanningar-dam","7":"product_cat-korta","8":"product_cat-nederdelar","9":"product_cat-nyheter","11":"first","12":"instock","13":"taxable","14":"shipping-taxable","15":"purchasable","16":"product-type-variable"},"acf":[],"gallery_images":[575841,575839,575838,575837,575842,575843],"_links":{"self":[{"href":"https:\/\/loveforever.se\/en\/wp-json\/wp\/v2\/product\/575827","targetHints":{"allow":["GET"]}}],"collection":[{"href":"https:\/\/loveforever.se\/en\/wp-json\/wp\/v2\/product"}],"about":[{"href":"https:\/\/loveforever.se\/en\/wp-json\/wp\/v2\/types\/product"}],"replies":[{"embeddable":true,"href":"https:\/\/loveforever.se\/en\/wp-json\/wp\/v2\/comments?post=575827"}],"wp:featuredmedia":[{"embeddable":true,"href":"https:\/\/loveforever.se\/en\/wp-json\/wp\/v2\/media\/575840"}],"wp:attachment":[{"href":"https:\/\/loveforever.se\/en\/wp-json\/wp\/v2\/media?parent=575827"}],"wp:term":[{"taxonomy":"product_brand","embeddable":true,"href":"https:\/\/loveforever.se\/en\/wp-json\/wp\/v2\/product_brand?post=575827"},{"taxonomy":"product_cat","embeddable":true,"href":"https:\/\/loveforever.se\/en\/wp-json\/wp\/v2\/product_cat?post=575827"},{"taxonomy":"product_tag","embeddable":true,"href":"https:\/\/loveforever.se\/en\/wp-json\/wp\/v2\/product_tag?post=575827"}],"curies":[{"name":"wp","href":"https:\/\/api.w.org\/{rel}","templated":true}]}}