{"id":575896,"date":"2026-05-06T23:35:40","date_gmt":"2026-05-06T21:35:40","guid":{"rendered":"https:\/\/loveforever.se\/?post_type=product&#038;p=575896"},"modified":"2026-05-06T23:35:50","modified_gmt":"2026-05-06T21:35:50","slug":"nico-barrel-bermuda-short","status":"publish","type":"product","link":"https:\/\/loveforever.se\/en\/produkt\/nico-barrel-bermuda-short\/","title":{"rendered":"Nico Barrel Bermuda Short"},"content":{"rendered":"","protected":false},"excerpt":{"rendered":"<p>Barrel bermuda \u2013 sommarens mest trendiga jeansshorts \ud83d\udc99<br \/>\nVida, coola och helt r\u00e4tt i silhuetten \u2013 dessa barrel bermudas ger en avslappnad men trendig look direkt.<\/p>\n<p>Den moderna passformen med gener\u00f6s vidd och l\u00e4ngd nedanf\u00f6r kn\u00e4na skapar en effortless k\u00e4nsla som k\u00e4nns b\u00e5de edgy och stilren. Den stretchiga denimen g\u00f6r dem supersk\u00f6na att b\u00e4ra hela dagen \u2013 perfekta n\u00e4r du vill kombinera stil med komfort.<\/p>\n<p>Styla med ett enkelt linne eller t-shirt f\u00f6r en avslappnad vibe, eller dressa upp med skjorta, blazer eller boots f\u00f6r en mer fashion-forward look \u2728<\/p>\n<p>\ud83d\udc49 Supertrendiga &#038; vida<br \/>\n\ud83d\udc49 Stretchiga &#038; bekv\u00e4ma<br \/>\n\ud83d\udc49 L\u00e4ngd nedanf\u00f6r kn\u00e4na<\/p>\n<p>\ud83d\udc49 Ett m\u00e5ste i garderoben \u2013 dessa kommer snabbt bli en favorit.<\/p>","protected":false},"featured_media":575889,"comment_status":"open","ping_status":"closed","template":"","meta":{"_acf_changed":false},"product_brand":[],"product_cat":[1145,1220,1146,1159,1222],"product_tag":[],"class_list":{"0":"post-575896","1":"product","2":"type-product","3":"status-publish","4":"has-post-thumbnail","6":"product_cat-denim","7":"product_cat-jeansshorts-dam","8":"product_cat-nederdelar","9":"product_cat-nyheter","10":"product_cat-stretch-jeans-dam","12":"first","13":"instock","14":"taxable","15":"shipping-taxable","16":"purchasable","17":"product-type-variable"},"acf":[],"gallery_images":[575886,575887],"_links":{"self":[{"href":"https:\/\/loveforever.se\/en\/wp-json\/wp\/v2\/product\/575896","targetHints":{"allow":["GET"]}}],"collection":[{"href":"https:\/\/loveforever.se\/en\/wp-json\/wp\/v2\/product"}],"about":[{"href":"https:\/\/loveforever.se\/en\/wp-json\/wp\/v2\/types\/product"}],"replies":[{"embeddable":true,"href":"https:\/\/loveforever.se\/en\/wp-json\/wp\/v2\/comments?post=575896"}],"wp:featuredmedia":[{"embeddable":true,"href":"https:\/\/loveforever.se\/en\/wp-json\/wp\/v2\/media\/575889"}],"wp:attachment":[{"href":"https:\/\/loveforever.se\/en\/wp-json\/wp\/v2\/media?parent=575896"}],"wp:term":[{"taxonomy":"product_brand","embeddable":true,"href":"https:\/\/loveforever.se\/en\/wp-json\/wp\/v2\/product_brand?post=575896"},{"taxonomy":"product_cat","embeddable":true,"href":"https:\/\/loveforever.se\/en\/wp-json\/wp\/v2\/product_cat?post=575896"},{"taxonomy":"product_tag","embeddable":true,"href":"https:\/\/loveforever.se\/en\/wp-json\/wp\/v2\/product_tag?post=575896"}],"curies":[{"name":"wp","href":"https:\/\/api.w.org\/{rel}","templated":true}]}}