{"id":575977,"date":"2026-05-07T16:38:46","date_gmt":"2026-05-07T14:38:46","guid":{"rendered":"https:\/\/loveforever.se\/?post_type=product&#038;p=575977"},"modified":"2026-05-07T17:09:59","modified_gmt":"2026-05-07T15:09:59","slug":"lotta-bomullsklanning-multi-neon","status":"publish","type":"product","link":"https:\/\/loveforever.se\/en\/produkt\/lotta-bomullsklanning-multi-neon\/","title":{"rendered":"Lotta Cotton Dress Multi Neon"},"content":{"rendered":"","protected":false},"excerpt":{"rendered":"<p>Magisk kl\u00e4nning med vit och m\u00f6nster i neonf\u00e4rger \u2013 en lekfull och feminin twist p\u00e5 klassikern! Tillverkad i 100% bomull med krinklad, helt strykfri kvalitet som g\u00f6r den enkel att b\u00e4ra och packa. Den breda smocken under bysten mot midjan skapar en smickrande siluett, och res\u00e5r vid halsringningen g\u00f6r att du kan b\u00e4ra kl\u00e4nningen off-shoulder f\u00f6r en lekfull touch.<\/p>\n<p>Modellen \u00e4r 163 cm l\u00e5ng, har bystm\u00e5tt 93 cm och kl\u00e4nningen \u00e4r rymlig, den funkar till XL.<\/p>\n<p>\u2714 100% bomull, krinklad och strykfri<br \/>\n\u2714 Bred smock under byst mot midja f\u00f6r smickrande passform<br \/>\n\u2714 Res\u00e5r vid halsringning \u2013 kan b\u00e4ras off-shoulder<br \/>\n\u2714 One size passar S-XL<\/p>","protected":false},"featured_media":575976,"comment_status":"open","ping_status":"closed","template":"","meta":{"_acf_changed":false},"product_brand":[],"product_cat":[1151,1138,1247,1156,1203],"product_tag":[],"class_list":{"0":"post-575977","1":"product","2":"type-product","3":"status-publish","4":"has-post-thumbnail","6":"product_cat-klanningar-dam","7":"product_cat-klanningar-tunikor","8":"product_cat-klanningar-rea","9":"product_cat-korta","10":"product_cat-rea","12":"first","13":"instock","14":"sale","15":"taxable","16":"shipping-taxable","17":"purchasable","18":"product-type-simple"},"acf":[],"gallery_images":[575975],"_links":{"self":[{"href":"https:\/\/loveforever.se\/en\/wp-json\/wp\/v2\/product\/575977","targetHints":{"allow":["GET"]}}],"collection":[{"href":"https:\/\/loveforever.se\/en\/wp-json\/wp\/v2\/product"}],"about":[{"href":"https:\/\/loveforever.se\/en\/wp-json\/wp\/v2\/types\/product"}],"replies":[{"embeddable":true,"href":"https:\/\/loveforever.se\/en\/wp-json\/wp\/v2\/comments?post=575977"}],"wp:featuredmedia":[{"embeddable":true,"href":"https:\/\/loveforever.se\/en\/wp-json\/wp\/v2\/media\/575976"}],"wp:attachment":[{"href":"https:\/\/loveforever.se\/en\/wp-json\/wp\/v2\/media?parent=575977"}],"wp:term":[{"taxonomy":"product_brand","embeddable":true,"href":"https:\/\/loveforever.se\/en\/wp-json\/wp\/v2\/product_brand?post=575977"},{"taxonomy":"product_cat","embeddable":true,"href":"https:\/\/loveforever.se\/en\/wp-json\/wp\/v2\/product_cat?post=575977"},{"taxonomy":"product_tag","embeddable":true,"href":"https:\/\/loveforever.se\/en\/wp-json\/wp\/v2\/product_tag?post=575977"}],"curies":[{"name":"wp","href":"https:\/\/api.w.org\/{rel}","templated":true}]}}