{"id":576046,"date":"2026-05-08T15:26:46","date_gmt":"2026-05-08T13:26:46","guid":{"rendered":"https:\/\/loveforever.se\/?post_type=product&#038;p=576046"},"modified":"2026-05-08T15:29:48","modified_gmt":"2026-05-08T13:29:48","slug":"lyxig-halterneck-bohemisk-klanning-med-vackra-broderier","status":"publish","type":"product","link":"https:\/\/loveforever.se\/en\/produkt\/lyxig-halterneck-bohemisk-klanning-med-vackra-broderier\/","title":{"rendered":"Luxurious Halterneck Bohemian Maxi Dress with Beautiful Embroidery"},"content":{"rendered":"","protected":false},"excerpt":{"rendered":"<p>Lyxig bohemisk kl\u00e4nning med elegant halterneck och vackra broderier med skimrande paljetter \u00f6ver bysten \u2728 Den feminina passformen tillsammans med res\u00e5r i ryggen g\u00f6r kl\u00e4nningen b\u00e5de smickrande och bekv\u00e4m. Perfekt f\u00f6r sommarens alla magiska stunder, fr\u00e5n beach club och ros\u00e9fester till sommargrillkv\u00e4llar och semestermiddagar i solnedg\u00e5ngen \ud83c\udf34<\/p>\n<p>One size, passar XS-L b\u00e4st.<br \/>\nMax eget bystm\u00e5tt ca 105 cm.<\/p>","protected":false},"featured_media":576048,"comment_status":"open","ping_status":"closed","template":"","meta":{"_acf_changed":false},"product_brand":[],"product_cat":[1155,1151,1138,1226,1152,1159],"product_tag":[],"class_list":{"0":"post-576046","1":"product","2":"type-product","3":"status-publish","4":"has-post-thumbnail","6":"product_cat-bohemiska","7":"product_cat-klanningar-dam","8":"product_cat-klanningar-tunikor","9":"product_cat-maxiklanningar","10":"product_cat-monstrade","11":"product_cat-nyheter","13":"first","14":"instock","15":"sale","16":"taxable","17":"shipping-taxable","18":"purchasable","19":"product-type-variable"},"acf":[],"gallery_images":[576041,576044,576045,576040,576039,576052],"_links":{"self":[{"href":"https:\/\/loveforever.se\/en\/wp-json\/wp\/v2\/product\/576046","targetHints":{"allow":["GET"]}}],"collection":[{"href":"https:\/\/loveforever.se\/en\/wp-json\/wp\/v2\/product"}],"about":[{"href":"https:\/\/loveforever.se\/en\/wp-json\/wp\/v2\/types\/product"}],"replies":[{"embeddable":true,"href":"https:\/\/loveforever.se\/en\/wp-json\/wp\/v2\/comments?post=576046"}],"wp:featuredmedia":[{"embeddable":true,"href":"https:\/\/loveforever.se\/en\/wp-json\/wp\/v2\/media\/576048"}],"wp:attachment":[{"href":"https:\/\/loveforever.se\/en\/wp-json\/wp\/v2\/media?parent=576046"}],"wp:term":[{"taxonomy":"product_brand","embeddable":true,"href":"https:\/\/loveforever.se\/en\/wp-json\/wp\/v2\/product_brand?post=576046"},{"taxonomy":"product_cat","embeddable":true,"href":"https:\/\/loveforever.se\/en\/wp-json\/wp\/v2\/product_cat?post=576046"},{"taxonomy":"product_tag","embeddable":true,"href":"https:\/\/loveforever.se\/en\/wp-json\/wp\/v2\/product_tag?post=576046"}],"curies":[{"name":"wp","href":"https:\/\/api.w.org\/{rel}","templated":true}]}}