{"id":576053,"date":"2026-05-08T15:33:13","date_gmt":"2026-05-08T13:33:13","guid":{"rendered":"https:\/\/loveforever.se\/?post_type=product&#038;p=576053"},"modified":"2026-05-08T15:34:23","modified_gmt":"2026-05-08T13:34:23","slug":"lyxig-halterneck-bohemisk-kort-klanning","status":"publish","type":"product","link":"https:\/\/loveforever.se\/en\/produkt\/lyxig-halterneck-bohemisk-kort-klanning\/","title":{"rendered":"Luxurious Halterneck Bohemian Short Dress"},"content":{"rendered":"","protected":false},"excerpt":{"rendered":"<p>Lyxig kn\u00e4kort bohemisk kl\u00e4nning med elegant halterneck och vackra broderier med skimrande paljetter \u00f6ver bysten \u2728 Den feminina modellen tillsammans med res\u00e5r i ryggen ger en smickrande och bekv\u00e4m passform. Den kn\u00e4korta l\u00e4ngden g\u00f6r kl\u00e4nningen perfekt f\u00f6r varma sommardagar och sena kv\u00e4llar p\u00e5 beach club, ros\u00e9fest, sommargrillparty eller semesterresan \ud83c\udf34<\/p>\n<p>One size, passar XS-L b\u00e4st.<br \/>\nMax eget bystm\u00e5tt ca 105 cm.<\/p>","protected":false},"featured_media":576038,"comment_status":"open","ping_status":"closed","template":"","meta":{"_acf_changed":false},"product_brand":[],"product_cat":[1155,1151,1138,1156,1159],"product_tag":[],"class_list":{"0":"post-576053","1":"product","2":"type-product","3":"status-publish","4":"has-post-thumbnail","6":"product_cat-bohemiska","7":"product_cat-klanningar-dam","8":"product_cat-klanningar-tunikor","9":"product_cat-korta","10":"product_cat-nyheter","12":"first","13":"instock","14":"sale","15":"taxable","16":"shipping-taxable","17":"purchasable","18":"product-type-simple"},"acf":[],"gallery_images":[576043,576037,576054],"_links":{"self":[{"href":"https:\/\/loveforever.se\/en\/wp-json\/wp\/v2\/product\/576053","targetHints":{"allow":["GET"]}}],"collection":[{"href":"https:\/\/loveforever.se\/en\/wp-json\/wp\/v2\/product"}],"about":[{"href":"https:\/\/loveforever.se\/en\/wp-json\/wp\/v2\/types\/product"}],"replies":[{"embeddable":true,"href":"https:\/\/loveforever.se\/en\/wp-json\/wp\/v2\/comments?post=576053"}],"wp:featuredmedia":[{"embeddable":true,"href":"https:\/\/loveforever.se\/en\/wp-json\/wp\/v2\/media\/576038"}],"wp:attachment":[{"href":"https:\/\/loveforever.se\/en\/wp-json\/wp\/v2\/media?parent=576053"}],"wp:term":[{"taxonomy":"product_brand","embeddable":true,"href":"https:\/\/loveforever.se\/en\/wp-json\/wp\/v2\/product_brand?post=576053"},{"taxonomy":"product_cat","embeddable":true,"href":"https:\/\/loveforever.se\/en\/wp-json\/wp\/v2\/product_cat?post=576053"},{"taxonomy":"product_tag","embeddable":true,"href":"https:\/\/loveforever.se\/en\/wp-json\/wp\/v2\/product_tag?post=576053"}],"curies":[{"name":"wp","href":"https:\/\/api.w.org\/{rel}","templated":true}]}}