{"id":576070,"date":"2026-05-09T09:04:15","date_gmt":"2026-05-09T07:04:15","guid":{"rendered":"https:\/\/loveforever.se\/?post_type=product&#038;p=576070"},"modified":"2026-05-09T09:04:33","modified_gmt":"2026-05-09T07:04:33","slug":"party-volangklanning-svart","status":"publish","type":"product","link":"https:\/\/loveforever.se\/en\/produkt\/party-volangklanning-svart\/","title":{"rendered":"Party Volangkl\u00e4nning Svart"},"content":{"rendered":"","protected":false},"excerpt":{"rendered":"<p>Riktig wow-kl\u00e4nning f\u00f6r sommarens alla fester \u2728 Denna partykl\u00e4nning \u00e4r sydd i ett tight, stretchigt tyg som sitter supersnyggt p\u00e5 kroppen och framh\u00e4ver formerna p\u00e5 ett smickrande s\u00e4tt. De coola volangerna p\u00e5 axlarna ger kl\u00e4nningen det lilla extra och skapar en feminin men trendig look.<\/p>\n<p>Styla med h\u00f6ga klackar till festkv\u00e4llen, br\u00f6llopet eller middagen, eller dressa ned med sneakers f\u00f6r en snygg och avslappnad sommarlook \ud83c\udf34<\/p>\n<p>Modellen har eget bystm\u00e5tt p\u00e5 93 cm och b\u00e4r storlek S-M.<\/p>\n<p>Meta:<br \/>\nStretchig partykl\u00e4nning med coola volanger p\u00e5 axlarna. Feminin och smickrande modell perfekt till fest, sommarfester och middagar.<\/p>\n<p>Alt:<br \/>\nTight stretchig partykl\u00e4nning med volanger p\u00e5 axlarna i feminin och elegant stil.<\/p>","protected":false},"featured_media":575970,"comment_status":"open","ping_status":"closed","template":"","meta":{"_acf_changed":false},"product_brand":[],"product_cat":[1151,1138,1247,1156,1203],"product_tag":[],"class_list":{"0":"post-576070","1":"product","2":"type-product","3":"status-publish","4":"has-post-thumbnail","6":"product_cat-klanningar-dam","7":"product_cat-klanningar-tunikor","8":"product_cat-klanningar-rea","9":"product_cat-korta","10":"product_cat-rea","12":"first","13":"instock","14":"sale","15":"taxable","16":"shipping-taxable","17":"purchasable","18":"product-type-variable"},"acf":[],"gallery_images":[575968,575991,575992],"_links":{"self":[{"href":"https:\/\/loveforever.se\/en\/wp-json\/wp\/v2\/product\/576070","targetHints":{"allow":["GET"]}}],"collection":[{"href":"https:\/\/loveforever.se\/en\/wp-json\/wp\/v2\/product"}],"about":[{"href":"https:\/\/loveforever.se\/en\/wp-json\/wp\/v2\/types\/product"}],"replies":[{"embeddable":true,"href":"https:\/\/loveforever.se\/en\/wp-json\/wp\/v2\/comments?post=576070"}],"wp:featuredmedia":[{"embeddable":true,"href":"https:\/\/loveforever.se\/en\/wp-json\/wp\/v2\/media\/575970"}],"wp:attachment":[{"href":"https:\/\/loveforever.se\/en\/wp-json\/wp\/v2\/media?parent=576070"}],"wp:term":[{"taxonomy":"product_brand","embeddable":true,"href":"https:\/\/loveforever.se\/en\/wp-json\/wp\/v2\/product_brand?post=576070"},{"taxonomy":"product_cat","embeddable":true,"href":"https:\/\/loveforever.se\/en\/wp-json\/wp\/v2\/product_cat?post=576070"},{"taxonomy":"product_tag","embeddable":true,"href":"https:\/\/loveforever.se\/en\/wp-json\/wp\/v2\/product_tag?post=576070"}],"curies":[{"name":"wp","href":"https:\/\/api.w.org\/{rel}","templated":true}]}}