{"id":26734,"date":"2020-05-18T19:43:47","date_gmt":"2020-05-18T17:43:47","guid":{"rendered":"https:\/\/love-forever.solvdkunder.se\/?page_id=26734"},"modified":"2024-12-10T18:51:23","modified_gmt":"2024-12-10T17:51:23","slug":"storleksguide-tvattrad","status":"publish","type":"page","link":"https:\/\/loveforever.se\/no\/storleksguide-tvattrad\/","title":{"rendered":"Storleksguide &#038; Tv\u00e4ttr\u00e5d"},"content":{"rendered":"<div class=\"row\"  id=\"row-2006167414\">\n\n\n\t<div id=\"col-96624120\" class=\"col medium-8 small-12 large-8\"  >\n\t\t\t\t<div class=\"col-inner\"  >\n\t\t\t\n\t\t\t\n\n<h1>St\u00f8rrelsesguide og vaskeanvisning<\/h1>\n\t<div id=\"gap-1538210627\" class=\"gap-element clearfix\" style=\"display:block; height:auto;\">\n\t\t\n<style>\n#gap-1538210627 {\n  padding-top: 30px;\n}\n<\/style>\n\t<\/div>\n\t\n\n<h2>Storlekar<\/h2>\n<div class=\"row\"  id=\"row-1980218461\">\n\n\n\t<div id=\"col-1426730014\" class=\"col hide-for-small small-12 large-12\"  >\n\t\t\t\t<div class=\"col-inner\"  >\n\t\t\t\n\t\t\t\n\n<div id=\"storleksguide\">\n<table>\n<thead>\n<tr>\n<td colspan=\"6\"><strong>Length 164-172 cm<\/strong><\/td>\n<\/tr>\n<tr>\n<td colspan=\"6\"><strong>Woman<\/strong><\/td>\n<\/tr>\n<tr>\n<th>Size<\/th>\n<th>XS (34)<\/th>\n<th>S (36)<\/th>\n<th>M (38)<\/th>\n<th>L (40)<\/th>\n<th>XL (42)<\/th>\n<\/tr>\n<\/thead>\n<tbody>\n<tr>\n<td>Chest<\/td>\n<td>82<\/td>\n<td>86<\/td>\n<td>90<\/td>\n<td>95<\/td>\n<td>100<\/td>\n<\/tr>\n<\/tbody>\n<tbody>\n<tr>\n<td>Half Chest<\/td>\n<td>41<\/td>\n<td>43<\/td>\n<td>45<\/td>\n<td>47,5<\/td>\n<td>50<\/td>\n<\/tr>\n<\/tbody>\n<tbody>\n<tr>\n<td>Waist<\/td>\n<td>67<\/td>\n<td>71<\/td>\n<td>75<\/td>\n<td>80<\/td>\n<td>86<\/td>\n<\/tr>\n<\/tbody>\n<tbody>\n<tr>\n<td>Hip<\/td>\n<td>91<\/td>\n<td>95<\/td>\n<td>99<\/td>\n<td>104<\/td>\n<td>109<\/td>\n<\/tr>\n<\/tbody>\n<tbody>\n<tr>\n<td>Sleeve<\/td>\n<td>59<\/td>\n<td>60<\/td>\n<td>61<\/td>\n<td>62<\/td>\n<td>64<\/td>\n<\/tr>\n<\/tbody>\n<tbody>\n<tr>\n<td>Inside Leg<\/td>\n<td>82<\/td>\n<td>84<\/td>\n<td>85<\/td>\n<td>86<\/td>\n<td>87<\/td>\n<\/tr>\n<\/tbody>\n<\/table>\n<\/div>\n\n\t\t<\/div>\n\t\t\t\t\t<\/div>\n\n\t\n\n\t<div id=\"col-1327187995\" class=\"col show-for-small small-12 large-12\"  >\n\t\t\t\t<div class=\"col-inner\"  >\n\t\t\t\n\t\t\t\n\n<div id=\"storleksguide\">\n<table>\n<table>\n<tr colspan=\"2\" ><strong>Length 164-172 cm, Woman<\/strong><\/tr>\n<tbody>\n<th colspan=\"2\"><strong>XS (34)<\/strong><\/th>\n<tr>\n<td> Chest <\/td>\n<td> 82<\/td>\n<\/tr>\n<tr>\n<td> Half Chest<\/td>\n<td>  41<\/td>\n<\/tr>\n<tr>\n<td> Waist<\/td>\n<td> 67<\/td>\n<\/tr>\n<tr>\n<td> Hip <\/p>\n<td>91<\/td>\n<\/tr>\n<tr>\n<td> Sleeve<\/td>\n<td> 59<\/td>\n<\/tr>\n<tr>\n<td> Inside Leg<\/td>\n<td> 82<\/td>\n<\/tr>\n<\/tbody>\n<tbody>\n<th colspan=\"2\">S (36)<\/th>\n<tr>\n<td> Chest <\/td>\n<td> 86<\/td>\n<\/tr>\n<tr>\n<td> Half Chest<\/td>\n<td>  43<\/td>\n<\/tr>\n<tr>\n<td> Waist<\/td>\n<td> 71<\/td>\n<\/tr>\n<tr>\n<td> Hip <\/p>\n<td>95<\/td>\n<\/tr>\n<tr>\n<td> Sleeve<\/td>\n<td> 60<\/td>\n<\/tr>\n<tr>\n<td> Inside Leg<\/td>\n<td> 84<\/td>\n<\/tr>\n<\/tbody>\n<tbody>\n<th colspan=\"2\">M (38)<\/th>\n<tr>\n<td> Chest <\/td>\n<td> 90<\/td>\n<\/tr>\n<tr>\n<td> Half Chest<\/td>\n<td>  45<\/td>\n<\/tr>\n<tr>\n<td> Waist<\/td>\n<td> 75<\/td>\n<\/tr>\n<tr>\n<td> Hip  <\/p>\n<td>99<\/td>\n<\/tr>\n<tr>\n<td> Sleeve<\/td>\n<td> 61<\/td>\n<\/tr>\n<tr>\n<td> Inside Leg<\/td>\n<td> 85<\/td>\n<\/tr>\n<\/tbody>\n<tbody>\n<th colspan=\"2\">L (40)<\/th>\n<tr>\n<td> Chest <\/td>\n<td> 95<\/td>\n<\/tr>\n<tr>\n<td> Half Chest<\/td>\n<td>  47,5<\/td>\n<\/tr>\n<tr>\n<td> Waist<\/td>\n<td> 80<\/td>\n<\/tr>\n<tr>\n<td> Hip  <\/p>\n<td>104<\/td>\n<\/tr>\n<tr>\n<td> Sleeve<\/td>\n<td> 62<\/td>\n<\/tr>\n<tr>\n<td> Inside Leg<\/td>\n<td> 86<\/td>\n<\/tr>\n<\/tbody>\n<tbody>\n<tr><\/tr>\n<th colspan=\"2\">XL (42)<\/th>\n<tr>\n<td> Chest <\/td>\n<td> 100<\/td>\n<\/tr>\n<tr>\n<td> Half Chest<\/td>\n<td>  50<\/td>\n<\/tr>\n<tr>\n<td> Waist<\/td>\n<td> 86<\/td>\n<\/tr>\n<tr>\n<td> Hip  <\/p>\n<td>109<\/td>\n<\/tr>\n<tr>\n<td> Sleeve<\/td>\n<td> 64<\/td>\n<\/tr>\n<tr>\n<td> Inside Leg<\/td>\n<td> 87<\/td>\n<\/tr>\n<\/tbody>\n<\/table>\n<\/div>\n\n\t\t<\/div>\n\t\t\t\t\t<\/div>\n\n\t\n\n<\/div>\n<h2>Tv\u00e4ttr\u00e5d<\/h2>\n<p>De mesta du k\u00f6per fr\u00e5n oss kan du tv\u00e4tta max 30gr i ullprogrammet i tv\u00e4ttmaskinen. V\u00e4nd kl\u00e4derna ut och in och l\u00e4gg dem i tv\u00e4ttp\u00e5se. L\u00e4s alltid p\u00e5 tv\u00e4ttr\u00e5det f\u00f6rst p\u00e5 lappen som (oftast) sitter i sids\u00f6mmen p\u00e5 plagget.\u00a0<\/p>\n\n\t\t<\/div>\n\t\t\t\t\t<\/div>\n\n\t\n\n<\/div>","protected":false},"excerpt":{"rendered":"","protected":false},"author":1,"featured_media":0,"parent":0,"menu_order":0,"comment_status":"closed","ping_status":"closed","template":"","meta":{"_acf_changed":false,"footnotes":""},"class_list":["post-26734","page","type-page","status-publish","hentry"],"acf":[],"_links":{"self":[{"href":"https:\/\/loveforever.se\/no\/wp-json\/wp\/v2\/pages\/26734","targetHints":{"allow":["GET"]}}],"collection":[{"href":"https:\/\/loveforever.se\/no\/wp-json\/wp\/v2\/pages"}],"about":[{"href":"https:\/\/loveforever.se\/no\/wp-json\/wp\/v2\/types\/page"}],"author":[{"embeddable":true,"href":"https:\/\/loveforever.se\/no\/wp-json\/wp\/v2\/users\/1"}],"replies":[{"embeddable":true,"href":"https:\/\/loveforever.se\/no\/wp-json\/wp\/v2\/comments?post=26734"}],"version-history":[{"count":10,"href":"https:\/\/loveforever.se\/no\/wp-json\/wp\/v2\/pages\/26734\/revisions"}],"predecessor-version":[{"id":550762,"href":"https:\/\/loveforever.se\/no\/wp-json\/wp\/v2\/pages\/26734\/revisions\/550762"}],"wp:attachment":[{"href":"https:\/\/loveforever.se\/no\/wp-json\/wp\/v2\/media?parent=26734"}],"curies":[{"name":"wp","href":"https:\/\/api.w.org\/{rel}","templated":true}]}}