{"id":3,"date":"2020-05-08T10:42:06","date_gmt":"2020-05-08T08:42:06","guid":{"rendered":"http:\/\/love-forever.solvdkunder.se\/?page_id=3"},"modified":"2020-05-18T19:34:31","modified_gmt":"2020-05-18T17:34:31","slug":"integritetspolicy","status":"publish","type":"page","link":"https:\/\/loveforever.se\/no\/integritetspolicy\/","title":{"rendered":"Personvernpolicy"},"content":{"rendered":"<h3>Vilka vi \u00e4r<\/h3>\n<p>Evig kj\u00e6rlighet AB<br \/>Orgnr: 556778-8475<br \/>Godk\u00e4nd f\u00f6r F-skatt<br \/><em>V\u00e5r webbplatsadress \u00e4r: https:\/\/loveforever.se<\/em><br \/>F\u00f6retaget \u00e4r personuppgiftsansvarig.<\/p>\n<h3>Vilka personuppgifter vi samlar in och varf\u00f6r vi samlar in dem<\/h3>\n<p>Love Forever AB samlar in och behandlar f\u00f6ljande personuppgifter om dig som kund:<br \/>\u2022 Namn<br \/>\u2022 Adress<br \/>\u2022 Telefon<br \/>\u2022 E-postadress<\/p>\n<p>Dessa uppgifter anv\u00e4nds f\u00f6r identifikation, kundtj\u00e4nst, bokf\u00f6ring mm f\u00f6r att uppfylla till\u00e4mpbara lagkrav. De kan i \u00f6vrigt anv\u00e4ndas f\u00f6r statistik\u00e4ndam\u00e5l, direktmarknadsf\u00f6ring, kundunders\u00f6kningar, och nyhetsbrev.<\/p>\n<p>Den tekniska l\u00f6sningen inneb\u00e4r att vi \u00e4ven samlar in och behandlar:<br \/>\u2022 IP-adress<br \/>\u2022 Cookies<br \/>\u2022 Uppgifter l\u00e4mnade i kontaktformul\u00e4r<\/p>\n<p>Dessa uppgifter \u00e4r dock inte direkt \u00e5tkomliga i n\u00e5got kundregister.<\/p>\n<p><u>Betalningsuppgifter<\/u><br \/>Vid betalning hos v\u00e5r samarbetspartners Klarna, Swish och PayPal hanteras personuppgifter inkl. ev kreditkortsuppgifter enligt deras villkor. Dessa uppgifter sparas inte hos oss.<\/p>\n<h3>Hantering och lagring av personuppgifter<\/h3>\n<p>Endast personer med administrat\u00f6rsbeh\u00f6righet p\u00e5 v\u00e5r webbplats har tillg\u00e5ng till personuppgifter. Personuppgifter lagras endast p\u00e5 servrar hos v\u00e5rt webbhotell samt i backup hos v\u00e5r webbkonsult.<\/p>\n<h3>Hur l\u00e4nge vi beh\u00e5ller era uppgifter<\/h3>\n<p>Personuppgifter beh\u00e5lls tills de inte l\u00e4ngre beh\u00f6vs, dvs om ett anv\u00e4ndarkonto tas bort. Dock sparas orderuppgifter f\u00f6r bokf\u00f6ring enligt bokf\u00f6ringslagen.<\/p>\n<h3>Vilka r\u00e4ttigheter du har \u00f6ver dina data<\/h3>\n<p>Om du har ett konto p\u00e5 denna webbplats kan du beg\u00e4ra en exportfil med de personuppgifter vi har om dig, inklusive alla uppgifter du har gett oss. Du kan ocks\u00e5 beg\u00e4ra att vi tar bort alla personuppgifter vi har om dig. Detta omfattar inte eventuella uppgifter som vi \u00e4r tvungna att spara av administrativa, legala eller s\u00e4kerhets\u00e4ndam\u00e5l. Inte heller uppgifter som finns i backupfiler.<br \/>Kontakta oss om du \u00f6nskar en exportfil eller radering av personuppgifter.<\/p>","protected":false},"excerpt":{"rendered":"<p>Vilka vi \u00e4r Love Forever ABOrgnr: 556778-8475Godk\u00e4nd f\u00f6r F-skattV\u00e5r webbplatsadress \u00e4r: https:\/\/loveforever.seF\u00f6retaget \u00e4r personuppgiftsansvarig. Vilka personuppgifter vi samlar in och varf\u00f6r vi samlar in dem Love Forever AB samlar in och behandlar f\u00f6ljande personuppgifter om dig som kund:\u2022 Namn\u2022 Adress\u2022 Telefon\u2022 E-postadress Dessa uppgifter anv\u00e4nds f\u00f6r identifikation, kundtj\u00e4nst, bokf\u00f6ring mm f\u00f6r att uppfylla till\u00e4mpbara lagkrav. [&#8230;]\n","protected":false},"author":1,"featured_media":0,"parent":0,"menu_order":0,"comment_status":"closed","ping_status":"open","template":"","meta":{"_acf_changed":false,"footnotes":""},"class_list":["post-3","page","type-page","status-publish","hentry"],"acf":[],"_links":{"self":[{"href":"https:\/\/loveforever.se\/no\/wp-json\/wp\/v2\/pages\/3","targetHints":{"allow":["GET"]}}],"collection":[{"href":"https:\/\/loveforever.se\/no\/wp-json\/wp\/v2\/pages"}],"about":[{"href":"https:\/\/loveforever.se\/no\/wp-json\/wp\/v2\/types\/page"}],"author":[{"embeddable":true,"href":"https:\/\/loveforever.se\/no\/wp-json\/wp\/v2\/users\/1"}],"replies":[{"embeddable":true,"href":"https:\/\/loveforever.se\/no\/wp-json\/wp\/v2\/comments?post=3"}],"version-history":[{"count":1,"href":"https:\/\/loveforever.se\/no\/wp-json\/wp\/v2\/pages\/3\/revisions"}],"predecessor-version":[{"id":26721,"href":"https:\/\/loveforever.se\/no\/wp-json\/wp\/v2\/pages\/3\/revisions\/26721"}],"wp:attachment":[{"href":"https:\/\/loveforever.se\/no\/wp-json\/wp\/v2\/media?parent=3"}],"curies":[{"name":"wp","href":"https:\/\/api.w.org\/{rel}","templated":true}]}}