{"id":324624,"date":"2021-06-05T17:01:29","date_gmt":"2021-06-05T15:01:29","guid":{"rendered":"https:\/\/loveforever.se\/?page_id=324624"},"modified":"2022-10-06T13:44:47","modified_gmt":"2022-10-06T11:44:47","slug":"rosa-lappen","status":"publish","type":"page","link":"https:\/\/loveforever.se\/no\/rosa-lappen\/","title":{"rendered":"Retur info"},"content":{"rendered":"<p>Hej fina du!<\/p>\n<p>Tack f\u00f6r att du handlat p\u00e5 www.loveforever.se! Om du vill returnera\/byta l\u00e4ser du h\u00e4r!<\/p>\n<p>Retur ska ske inom 14 dagar fr\u00e5n det att vi s\u00e4nt din order.\u00a0<br \/>Vi m\u00e5ste ha originalf\u00f6rpackningen tillbaka samt alla etiketter. <br \/>Varan ska sj\u00e4lvklart vara oanv\u00e4nd, den f\u00e5r inte lukta parfym eller ha sminkfl\u00e4ckar. <br \/>Skriv ner ditt ordernummer, ditt namn och varf\u00f6r du vill returnera. Vill du byta till annan storlek s\u00e5 skriver du det ocks\u00e5. Du mailar sedan till info@loveforever.se, och ber att f\u00e5 en returfraktsedel mailad till dig. <br \/>Viktigt att du anger ditt ordernummer och vad du vill returerna\/byta i ditt email. Printa ut returfraktsedeln och tejpa p\u00e5 p\u00e5sen. Du l\u00e4mnar in din retur p\u00e5 samma servicepoint som du h\u00e4mtade ut ditt paket. Kan du ej printa ut s\u00e5 ber du personalen p\u00e5 servicepoint printa ut din returfraktsedel, dock m\u00e5ste du ha med s\u00e4ndningsnumret som du ser p\u00e5 returfraktsedeln vi mailat dig. Vi krediterar din faktura\/betalar tillbaka dina pengar n\u00e4r vi f\u00e5r din retur. \u00a0<\/p>\n<p>\u00a0Det \u00e4r EJ returr\u00e4tt p\u00e5\u00a0 varor som du betalat mindre \u00e4n 350SEK f\u00f6r, ej eller returr\u00e4tt p\u00e5 accessoarer, smycken, glas\u00f6gon osv. Det \u00e4r heller ej returr\u00e4tt n\u00e4r du handlar fr\u00e5n v\u00e5r live shopping, d\u00e5 l\u00e4gger vi ner s\u00e5 mycket p\u00e5 att visa hur kl\u00e4derna sitter p\u00e5, byte \u00e4r ok.\u00a0 Returnerar du den f\u00f6rsent f\u00f6rbeh\u00e5ller vi oss r\u00e4tten att debitera 300kr f\u00f6r sen retur. L\u00f6ser du ej ut ditt paket debiterar vi dig 400kr. Varan m\u00e5ste returneras i ursprungsskick med alla etiketter kvar och med originalf\u00f6rpackning. Plaggen f\u00e5r ej lukta parfym eller ha makeupfl\u00e4ckar. I ditt paket ligger en f\u00f6ljesedel, l\u00e4ngst ner p\u00e5 den st\u00e5r info hur du returnerar.<\/p>\n<p>Vill du g\u00f6ra retur eller byte, f\u00f6ljer du instruktionen l\u00e4ngst ner p\u00e5 f\u00f6ljesedeln som l\u00e5g med i ditt paket.\u00a0 Du l\u00e4mnar in returen p\u00e5 servicepoint, samma st\u00e4lle d\u00e4r du h\u00e4mtade ut ditt paket. Vi \u00e5ker inte och l\u00f6ser ut din retur om du v\u00e4ljer att skicka p\u00e5 annat s\u00e4tt. N\u00e4r vi f\u00e5tt din retur krediterar vi din faktura fr\u00e5n Klarna alt s\u00e4tter tillbaks pengar p\u00e5 ditt Paypal-konto eller swishar. Kostnad f\u00f6r retur \u00e4r 90kr f\u00f6r ett varuv\u00e4rde upp till 1500kr, f\u00f6r varuv\u00e4rde \u00f6ver 1500kr \u00e4r returfrakt 150kr., f\u00f6r varuv\u00e4rde \u00f6ver 3000kr \u00e4r returfrakten 300kr. Returavgift debiteras oavsett om du sj\u00e4lv v\u00e4ljer att st\u00e5 f\u00f6r returkostnaden. Vi har mycket kostnader oavsett f\u00f6r returer. Byte kostar 80kr. Det \u00e4r EJ reutrr\u00e4tt p\u00e5 varor vars v\u00e4rde understiger 350SEK. P\u00e5 vissa kampanjer \u00e4r det ej returr\u00e4tt, men det framg\u00e5r av facebook\/instagram. Byte \u00e4r ok mot avgift 80kr.\u00a0<\/p>\n<p>\u00a0<\/p>","protected":false},"excerpt":{"rendered":"","protected":false},"author":11278,"featured_media":0,"parent":0,"menu_order":0,"comment_status":"closed","ping_status":"closed","template":"","meta":{"_acf_changed":false,"footnotes":""},"class_list":["post-324624","page","type-page","status-publish","hentry"],"acf":[],"_links":{"self":[{"href":"https:\/\/loveforever.se\/no\/wp-json\/wp\/v2\/pages\/324624","targetHints":{"allow":["GET"]}}],"collection":[{"href":"https:\/\/loveforever.se\/no\/wp-json\/wp\/v2\/pages"}],"about":[{"href":"https:\/\/loveforever.se\/no\/wp-json\/wp\/v2\/types\/page"}],"author":[{"embeddable":true,"href":"https:\/\/loveforever.se\/no\/wp-json\/wp\/v2\/users\/11278"}],"replies":[{"embeddable":true,"href":"https:\/\/loveforever.se\/no\/wp-json\/wp\/v2\/comments?post=324624"}],"version-history":[{"count":8,"href":"https:\/\/loveforever.se\/no\/wp-json\/wp\/v2\/pages\/324624\/revisions"}],"predecessor-version":[{"id":427982,"href":"https:\/\/loveforever.se\/no\/wp-json\/wp\/v2\/pages\/324624\/revisions\/427982"}],"wp:attachment":[{"href":"https:\/\/loveforever.se\/no\/wp-json\/wp\/v2\/media?parent=324624"}],"curies":[{"name":"wp","href":"https:\/\/api.w.org\/{rel}","templated":true}]}}