{"id":262763,"date":"2020-09-08T20:05:09","date_gmt":"2020-09-08T18:05:09","guid":{"rendered":"https:\/\/loveforever.se\/?post_type=product&#038;p=262763"},"modified":"2026-05-04T18:02:12","modified_gmt":"2026-05-04T16:02:12","slug":"monique-utsvangda-jeans-svarta","status":"publish","type":"product","link":"https:\/\/loveforever.se\/no\/produkt\/monique-utsvangda-jeans-svarta\/","title":{"rendered":"Monique Utvidete Jeans Svarte"},"content":{"rendered":"","protected":false},"excerpt":{"rendered":"<p>Svarta stretchjeans \u2013 Perfekt kombination av stil och komfort!<\/p>\n<p>Uppgradera din denimgarderob med dessa supersnygga svarta jeans i mjukt, stretchigt material som sitter som en dr\u00f6m. Med stretch i midjan f\u00f6r extra bekv\u00e4mlighet och en r\u00e5 kant nedtill f\u00e5r du en tuff och modern look som passar till alla tillf\u00e4llen.<\/p>\n<p>\u2728 Varf\u00f6r du kommer \u00e4lska dem:<\/p>\n<p>Fantastisk passform: Stretchigt tyg och normal midja som formar sig efter din kropp.<br \/>\nTrendig design: Den r\u00e5a kanten nedtill ger jeansen ett edgy uttryck.<br \/>\nM\u00e5ngsidiga: Perfekta f\u00f6r b\u00e5de vardag och fest, matcha med sneakers eller klackar!<br \/>\nNormal i storlek \u2013 modellen \u00e4r 162 cm och b\u00e4r storlek XS. F\u00e5 det perfekta paret jeans som \u00e4r b\u00e5de bekv\u00e4mt och stilrent!<\/p>","protected":false},"featured_media":563151,"comment_status":"open","ping_status":"closed","template":"","meta":{"_acf_changed":false},"product_brand":[],"product_cat":[1145,1146,1222,1218],"product_tag":[],"class_list":{"0":"post-262763","1":"product","2":"type-product","3":"status-publish","4":"has-post-thumbnail","6":"product_cat-denim","7":"product_cat-nederdelar","8":"product_cat-stretch-jeans-dam","9":"product_cat-utsvangda-jeans-dam","11":"first","12":"outofstock","13":"taxable","14":"shipping-taxable","15":"purchasable","16":"product-type-variable"},"acf":[],"gallery_images":[563152,563150,563149,563148],"_links":{"self":[{"href":"https:\/\/loveforever.se\/no\/wp-json\/wp\/v2\/product\/262763","targetHints":{"allow":["GET"]}}],"collection":[{"href":"https:\/\/loveforever.se\/no\/wp-json\/wp\/v2\/product"}],"about":[{"href":"https:\/\/loveforever.se\/no\/wp-json\/wp\/v2\/types\/product"}],"replies":[{"embeddable":true,"href":"https:\/\/loveforever.se\/no\/wp-json\/wp\/v2\/comments?post=262763"}],"wp:featuredmedia":[{"embeddable":true,"href":"https:\/\/loveforever.se\/no\/wp-json\/wp\/v2\/media\/563151"}],"wp:attachment":[{"href":"https:\/\/loveforever.se\/no\/wp-json\/wp\/v2\/media?parent=262763"}],"wp:term":[{"taxonomy":"product_brand","embeddable":true,"href":"https:\/\/loveforever.se\/no\/wp-json\/wp\/v2\/product_brand?post=262763"},{"taxonomy":"product_cat","embeddable":true,"href":"https:\/\/loveforever.se\/no\/wp-json\/wp\/v2\/product_cat?post=262763"},{"taxonomy":"product_tag","embeddable":true,"href":"https:\/\/loveforever.se\/no\/wp-json\/wp\/v2\/product_tag?post=262763"}],"curies":[{"name":"wp","href":"https:\/\/api.w.org\/{rel}","templated":true}]}}