{"id":364039,"date":"2021-11-13T17:17:16","date_gmt":"2021-11-13T16:17:16","guid":{"rendered":"https:\/\/loveforever.se\/produkt\/presentkort\/"},"modified":"2025-05-13T12:53:05","modified_gmt":"2025-05-13T10:53:05","slug":"presentkort-300","status":"publish","type":"product","link":"https:\/\/loveforever.se\/no\/produkt\/presentkort-300\/","title":{"rendered":"Presentkort 300kr"},"content":{"rendered":"","protected":false},"excerpt":{"rendered":"<p>Kul att du vill k\u00f6pa presenkort! Detta presentkort g\u00e4ller endast i v\u00e5r webshop. <\/p>","protected":false},"featured_media":559486,"comment_status":"closed","ping_status":"closed","template":"","meta":{"_acf_changed":false},"product_brand":[],"product_cat":[1176],"product_tag":[],"class_list":{"0":"post-364039","1":"product","2":"type-product","3":"status-publish","4":"has-post-thumbnail","6":"product_cat-presentkort","8":"first","9":"instock","10":"purchasable","11":"product-type-pw-gift-card","12":"has-default-attributes"},"acf":[],"gallery_images":[],"_links":{"self":[{"href":"https:\/\/loveforever.se\/no\/wp-json\/wp\/v2\/product\/364039","targetHints":{"allow":["GET"]}}],"collection":[{"href":"https:\/\/loveforever.se\/no\/wp-json\/wp\/v2\/product"}],"about":[{"href":"https:\/\/loveforever.se\/no\/wp-json\/wp\/v2\/types\/product"}],"replies":[{"embeddable":true,"href":"https:\/\/loveforever.se\/no\/wp-json\/wp\/v2\/comments?post=364039"}],"wp:featuredmedia":[{"embeddable":true,"href":"https:\/\/loveforever.se\/no\/wp-json\/wp\/v2\/media\/559486"}],"wp:attachment":[{"href":"https:\/\/loveforever.se\/no\/wp-json\/wp\/v2\/media?parent=364039"}],"wp:term":[{"taxonomy":"product_brand","embeddable":true,"href":"https:\/\/loveforever.se\/no\/wp-json\/wp\/v2\/product_brand?post=364039"},{"taxonomy":"product_cat","embeddable":true,"href":"https:\/\/loveforever.se\/no\/wp-json\/wp\/v2\/product_cat?post=364039"},{"taxonomy":"product_tag","embeddable":true,"href":"https:\/\/loveforever.se\/no\/wp-json\/wp\/v2\/product_tag?post=364039"}],"curies":[{"name":"wp","href":"https:\/\/api.w.org\/{rel}","templated":true}]}}