{"id":409139,"date":"2022-07-18T14:55:52","date_gmt":"2022-07-18T12:55:52","guid":{"rendered":"https:\/\/loveforever.se\/?post_type=product&#038;p=409139"},"modified":"2026-04-23T07:24:07","modified_gmt":"2026-04-23T05:24:07","slug":"vickans-favvo-lip-gloss-candy-pink-clg936","status":"publish","type":"product","link":"https:\/\/loveforever.se\/no\/produkt\/vickans-favvo-lip-gloss-candy-pink-clg936\/","title":{"rendered":"Favoritt leppeglans Candy Pink"},"content":{"rendered":"","protected":false},"excerpt":{"rendered":"<p>\u2728 V\u00e5rt favvo-gloss med en mjuk och gosig konsistens som k\u00e4nns underbart p\u00e5 l\u00e4pparna! \ud83d\udc84 Den perfekta rosa f\u00e4rgen ger en fr\u00e4sch och sofistikerad look som passar till b\u00e5de vardag och fest. Ett gloss som snabbt blir en favorit i din sminkv\u00e4ska! S\u00e5 mjukt och sk\u00f6nt p\u00e5 l\u00e4pparna, med shea butter! <\/p>","protected":false},"featured_media":559426,"comment_status":"closed","ping_status":"closed","template":"","meta":{"_acf_changed":false},"product_brand":[],"product_cat":[1133,1180],"product_tag":[],"class_list":{"0":"post-409139","1":"product","2":"type-product","3":"status-publish","4":"has-post-thumbnail","6":"product_cat-accessoarer","7":"product_cat-skonhet","9":"first","10":"instock","11":"taxable","12":"shipping-taxable","13":"purchasable","14":"product-type-simple"},"acf":[],"gallery_images":[559427,559424,559425],"_links":{"self":[{"href":"https:\/\/loveforever.se\/no\/wp-json\/wp\/v2\/product\/409139","targetHints":{"allow":["GET"]}}],"collection":[{"href":"https:\/\/loveforever.se\/no\/wp-json\/wp\/v2\/product"}],"about":[{"href":"https:\/\/loveforever.se\/no\/wp-json\/wp\/v2\/types\/product"}],"replies":[{"embeddable":true,"href":"https:\/\/loveforever.se\/no\/wp-json\/wp\/v2\/comments?post=409139"}],"wp:featuredmedia":[{"embeddable":true,"href":"https:\/\/loveforever.se\/no\/wp-json\/wp\/v2\/media\/559426"}],"wp:attachment":[{"href":"https:\/\/loveforever.se\/no\/wp-json\/wp\/v2\/media?parent=409139"}],"wp:term":[{"taxonomy":"product_brand","embeddable":true,"href":"https:\/\/loveforever.se\/no\/wp-json\/wp\/v2\/product_brand?post=409139"},{"taxonomy":"product_cat","embeddable":true,"href":"https:\/\/loveforever.se\/no\/wp-json\/wp\/v2\/product_cat?post=409139"},{"taxonomy":"product_tag","embeddable":true,"href":"https:\/\/loveforever.se\/no\/wp-json\/wp\/v2\/product_tag?post=409139"}],"curies":[{"name":"wp","href":"https:\/\/api.w.org\/{rel}","templated":true}]}}