{"id":516759,"date":"2023-10-23T15:07:39","date_gmt":"2023-10-23T13:07:39","guid":{"rendered":"https:\/\/loveforever.se\/?post_type=product&#038;p=516759"},"modified":"2025-11-19T15:37:14","modified_gmt":"2025-11-19T14:37:14","slug":"fyndlada-xs-s","status":"publish","type":"product","link":"https:\/\/loveforever.se\/no\/produkt\/fyndlada-xs-s\/","title":{"rendered":"Fyndl\u00e5da XS-S"},"content":{"rendered":"","protected":false},"excerpt":{"rendered":"<p>I Fyndl\u00e5dan ing\u00e5r 10 plagg, som \u00e4r i storlek XS-S. De \u00e4r unika plagg fr\u00e5n byxor till kl\u00e4nningar. Den \u00e4r alltid en trevlig \u00f6verraskning!<\/p>","protected":false},"featured_media":569371,"comment_status":"closed","ping_status":"closed","template":"","meta":{"_acf_changed":false},"product_brand":[],"product_cat":[1181,1446],"product_tag":[],"class_list":{"0":"post-516759","1":"product","2":"type-product","3":"status-publish","4":"has-post-thumbnail","6":"product_cat-fynda","7":"product_cat-mysterybag","9":"first","10":"instock","11":"taxable","12":"shipping-taxable","13":"purchasable","14":"product-type-simple"},"acf":[],"gallery_images":[],"_links":{"self":[{"href":"https:\/\/loveforever.se\/no\/wp-json\/wp\/v2\/product\/516759","targetHints":{"allow":["GET"]}}],"collection":[{"href":"https:\/\/loveforever.se\/no\/wp-json\/wp\/v2\/product"}],"about":[{"href":"https:\/\/loveforever.se\/no\/wp-json\/wp\/v2\/types\/product"}],"replies":[{"embeddable":true,"href":"https:\/\/loveforever.se\/no\/wp-json\/wp\/v2\/comments?post=516759"}],"wp:featuredmedia":[{"embeddable":true,"href":"https:\/\/loveforever.se\/no\/wp-json\/wp\/v2\/media\/569371"}],"wp:attachment":[{"href":"https:\/\/loveforever.se\/no\/wp-json\/wp\/v2\/media?parent=516759"}],"wp:term":[{"taxonomy":"product_brand","embeddable":true,"href":"https:\/\/loveforever.se\/no\/wp-json\/wp\/v2\/product_brand?post=516759"},{"taxonomy":"product_cat","embeddable":true,"href":"https:\/\/loveforever.se\/no\/wp-json\/wp\/v2\/product_cat?post=516759"},{"taxonomy":"product_tag","embeddable":true,"href":"https:\/\/loveforever.se\/no\/wp-json\/wp\/v2\/product_tag?post=516759"}],"curies":[{"name":"wp","href":"https:\/\/api.w.org\/{rel}","templated":true}]}}