{"id":524862,"date":"2024-01-29T09:07:27","date_gmt":"2024-01-29T08:07:27","guid":{"rendered":"https:\/\/loveforever.se\/?post_type=product&#038;p=524862"},"modified":"2025-05-13T12:53:36","modified_gmt":"2025-05-13T10:53:36","slug":"presentkort-200kr","status":"publish","type":"product","link":"https:\/\/loveforever.se\/no\/produkt\/presentkort-200kr\/","title":{"rendered":"Presentkort 200kr"},"content":{"rendered":"","protected":false},"excerpt":{"rendered":"<p>Kul att du vill k\u00f6pa presenkort! Detta presentkort g\u00e4ller endast i v\u00e5r webshop. <\/p>","protected":false},"featured_media":559486,"comment_status":"closed","ping_status":"closed","template":"","meta":{"_acf_changed":false},"product_brand":[],"product_cat":[1176],"product_tag":[],"class_list":{"0":"post-524862","1":"product","2":"type-product","3":"status-publish","4":"has-post-thumbnail","6":"product_cat-presentkort","8":"first","9":"instock","10":"purchasable","11":"product-type-pw-gift-card","12":"has-default-attributes"},"acf":[],"gallery_images":[],"_links":{"self":[{"href":"https:\/\/loveforever.se\/no\/wp-json\/wp\/v2\/product\/524862","targetHints":{"allow":["GET"]}}],"collection":[{"href":"https:\/\/loveforever.se\/no\/wp-json\/wp\/v2\/product"}],"about":[{"href":"https:\/\/loveforever.se\/no\/wp-json\/wp\/v2\/types\/product"}],"replies":[{"embeddable":true,"href":"https:\/\/loveforever.se\/no\/wp-json\/wp\/v2\/comments?post=524862"}],"wp:featuredmedia":[{"embeddable":true,"href":"https:\/\/loveforever.se\/no\/wp-json\/wp\/v2\/media\/559486"}],"wp:attachment":[{"href":"https:\/\/loveforever.se\/no\/wp-json\/wp\/v2\/media?parent=524862"}],"wp:term":[{"taxonomy":"product_brand","embeddable":true,"href":"https:\/\/loveforever.se\/no\/wp-json\/wp\/v2\/product_brand?post=524862"},{"taxonomy":"product_cat","embeddable":true,"href":"https:\/\/loveforever.se\/no\/wp-json\/wp\/v2\/product_cat?post=524862"},{"taxonomy":"product_tag","embeddable":true,"href":"https:\/\/loveforever.se\/no\/wp-json\/wp\/v2\/product_tag?post=524862"}],"curies":[{"name":"wp","href":"https:\/\/api.w.org\/{rel}","templated":true}]}}