{"id":526871,"date":"2024-02-13T22:36:42","date_gmt":"2024-02-13T21:36:42","guid":{"rendered":"https:\/\/loveforever.se\/?post_type=product&#038;p=526871"},"modified":"2026-03-31T15:17:23","modified_gmt":"2026-03-31T13:17:23","slug":"bow-pumps-med-slingback-rosa","status":"publish","type":"product","link":"https:\/\/loveforever.se\/no\/produkt\/bow-pumps-med-slingback-rosa\/","title":{"rendered":"Bow Pumps med Slingback Rosa"},"content":{"rendered":"","protected":false},"excerpt":{"rendered":"<p>Allts\u00e5, vi d\u00f6r lite f\u00f6r dessa pumps \u2013 vilka sm\u00e5 darlings! Med sin magiskt fina rosett i strass framtill och den elastiska slingback-detaljen baktill \u00e4r de lika bekv\u00e4ma som de \u00e4r snygga. Perfekt lagom klackh\u00f6jd g\u00f6r dem sk\u00f6na att g\u00e5 i hela dagen eller kv\u00e4llen. Dessa pumps \u00e4r en fr\u00f6jd f\u00f6r \u00f6gat och ett m\u00e5ste i varje garderob. Normala i storlek \u2013 ett s\u00e4kert kort f\u00f6r stil och komfort!<\/p>\n<p>Perfekta f\u00f6r allt fr\u00e5n fest till en lyxig touch i vardagen. L\u00e4tt att matcha med jeans, kl\u00e4nning, kjol eller byxor.<\/p>","protected":false},"featured_media":526948,"comment_status":"open","ping_status":"closed","template":"","meta":{"_acf_changed":false},"product_brand":[],"product_cat":[1140,1139],"product_tag":[],"class_list":{"0":"post-526871","1":"product","2":"type-product","3":"status-publish","4":"has-post-thumbnail","6":"product_cat-sandaler","7":"product_cat-skor","9":"first","10":"instock","11":"taxable","12":"shipping-taxable","13":"purchasable","14":"product-type-variable"},"acf":[],"gallery_images":[526945,526947,526946],"_links":{"self":[{"href":"https:\/\/loveforever.se\/no\/wp-json\/wp\/v2\/product\/526871","targetHints":{"allow":["GET"]}}],"collection":[{"href":"https:\/\/loveforever.se\/no\/wp-json\/wp\/v2\/product"}],"about":[{"href":"https:\/\/loveforever.se\/no\/wp-json\/wp\/v2\/types\/product"}],"replies":[{"embeddable":true,"href":"https:\/\/loveforever.se\/no\/wp-json\/wp\/v2\/comments?post=526871"}],"wp:featuredmedia":[{"embeddable":true,"href":"https:\/\/loveforever.se\/no\/wp-json\/wp\/v2\/media\/526948"}],"wp:attachment":[{"href":"https:\/\/loveforever.se\/no\/wp-json\/wp\/v2\/media?parent=526871"}],"wp:term":[{"taxonomy":"product_brand","embeddable":true,"href":"https:\/\/loveforever.se\/no\/wp-json\/wp\/v2\/product_brand?post=526871"},{"taxonomy":"product_cat","embeddable":true,"href":"https:\/\/loveforever.se\/no\/wp-json\/wp\/v2\/product_cat?post=526871"},{"taxonomy":"product_tag","embeddable":true,"href":"https:\/\/loveforever.se\/no\/wp-json\/wp\/v2\/product_tag?post=526871"}],"curies":[{"name":"wp","href":"https:\/\/api.w.org\/{rel}","templated":true}]}}