{"id":530545,"date":"2024-03-21T20:08:10","date_gmt":"2024-03-21T19:08:10","guid":{"rendered":"https:\/\/loveforever.se\/?post_type=product&#038;p=530545"},"modified":"2026-05-08T19:48:32","modified_gmt":"2026-05-08T17:48:32","slug":"annie-jeansjakke-nagler","status":"publish","type":"product","link":"https:\/\/loveforever.se\/no\/produkt\/annie-jeansjacka-nitar\/","title":{"rendered":"Annie Jeansjakke Nagler"},"content":{"rendered":"","protected":false},"excerpt":{"rendered":"<p>Den ultimate jeansjakken \u2013 Oversized og full av attityde!<\/p>\n<p>Endelig er den her \u2013 jeansjakken som tar antrekket ditt til neste niv\u00e5!<\/p>\n<p>Trendig design: Oversize-passform med kule detaljer, nagler og r\u00e5 kanter som gir en edgy look.<br \/>\nStilig allsidighet: Kombiner med en s\u00f8t kjole for en kontrastfull stil, eller g\u00e5 helkul med slitte jeans eller shorts og boots.<br \/>\nPerfekt passform: Normal i st\u00f8rrelse og enkel \u00e5 style etter din personlige look.<br \/>\nUansett om du vil v\u00e6re rocka avslappet eller mikse s\u00f8tt med t\u00f8ft, er denne jeansjakken et must i garderoben!<\/p>\n<p>Gj\u00f8r antrekket ditt for dagen uforglemmelig \u2013 bestill din dongerijakke i dag!<\/p>","protected":false},"featured_media":571780,"comment_status":"open","ping_status":"closed","template":"","meta":{"_acf_changed":false},"product_brand":[],"product_cat":[1145,1219,1160,1159],"product_tag":[],"class_list":{"0":"post-530545","1":"product","2":"type-product","3":"status-publish","4":"has-post-thumbnail","6":"product_cat-denim","7":"product_cat-jeansjacka-dam","8":"product_cat-jackor-vastar","9":"product_cat-nyheter","11":"first","12":"instock","13":"taxable","14":"shipping-taxable","15":"purchasable","16":"product-type-variable"},"acf":[],"gallery_images":[571773,571776,571775,571774,571777,571778,571779],"_links":{"self":[{"href":"https:\/\/loveforever.se\/no\/wp-json\/wp\/v2\/product\/530545","targetHints":{"allow":["GET"]}}],"collection":[{"href":"https:\/\/loveforever.se\/no\/wp-json\/wp\/v2\/product"}],"about":[{"href":"https:\/\/loveforever.se\/no\/wp-json\/wp\/v2\/types\/product"}],"replies":[{"embeddable":true,"href":"https:\/\/loveforever.se\/no\/wp-json\/wp\/v2\/comments?post=530545"}],"wp:featuredmedia":[{"embeddable":true,"href":"https:\/\/loveforever.se\/no\/wp-json\/wp\/v2\/media\/571780"}],"wp:attachment":[{"href":"https:\/\/loveforever.se\/no\/wp-json\/wp\/v2\/media?parent=530545"}],"wp:term":[{"taxonomy":"product_brand","embeddable":true,"href":"https:\/\/loveforever.se\/no\/wp-json\/wp\/v2\/product_brand?post=530545"},{"taxonomy":"product_cat","embeddable":true,"href":"https:\/\/loveforever.se\/no\/wp-json\/wp\/v2\/product_cat?post=530545"},{"taxonomy":"product_tag","embeddable":true,"href":"https:\/\/loveforever.se\/no\/wp-json\/wp\/v2\/product_tag?post=530545"}],"curies":[{"name":"wp","href":"https:\/\/api.w.org\/{rel}","templated":true}]}}