{"id":533498,"date":"2024-04-22T17:15:48","date_gmt":"2024-04-22T15:15:48","guid":{"rendered":"https:\/\/loveforever.se\/?post_type=product&#038;p=533498"},"modified":"2025-10-30T22:09:24","modified_gmt":"2025-10-30T21:09:24","slug":"martins-boots","status":"publish","type":"product","link":"https:\/\/loveforever.se\/no\/produkt\/martins-boots\/","title":{"rendered":"Martins Boots"},"content":{"rendered":"","protected":false},"excerpt":{"rendered":"<p>Makal\u00f6st fina, handgjorda boots. Vi bara \u00e4lskar dem!!! Normala i storlek. \u00c4kta mocka och \u00e4kta tr\u00e4klack. Klackh\u00f6jd ca 9cm<\/p>","protected":false},"featured_media":533473,"comment_status":"open","ping_status":"closed","template":"","meta":{"_acf_changed":false},"product_brand":[],"product_cat":[1148,1243,1139,1203],"product_tag":[],"class_list":{"0":"post-533498","1":"product","2":"type-product","3":"status-publish","4":"has-post-thumbnail","6":"product_cat-boots","7":"product_cat-rea-70","8":"product_cat-skor","9":"product_cat-rea","11":"first","12":"instock","13":"sale","14":"taxable","15":"shipping-taxable","16":"purchasable","17":"product-type-variable"},"acf":[],"gallery_images":[533475,533474],"_links":{"self":[{"href":"https:\/\/loveforever.se\/no\/wp-json\/wp\/v2\/product\/533498","targetHints":{"allow":["GET"]}}],"collection":[{"href":"https:\/\/loveforever.se\/no\/wp-json\/wp\/v2\/product"}],"about":[{"href":"https:\/\/loveforever.se\/no\/wp-json\/wp\/v2\/types\/product"}],"replies":[{"embeddable":true,"href":"https:\/\/loveforever.se\/no\/wp-json\/wp\/v2\/comments?post=533498"}],"wp:featuredmedia":[{"embeddable":true,"href":"https:\/\/loveforever.se\/no\/wp-json\/wp\/v2\/media\/533473"}],"wp:attachment":[{"href":"https:\/\/loveforever.se\/no\/wp-json\/wp\/v2\/media?parent=533498"}],"wp:term":[{"taxonomy":"product_brand","embeddable":true,"href":"https:\/\/loveforever.se\/no\/wp-json\/wp\/v2\/product_brand?post=533498"},{"taxonomy":"product_cat","embeddable":true,"href":"https:\/\/loveforever.se\/no\/wp-json\/wp\/v2\/product_cat?post=533498"},{"taxonomy":"product_tag","embeddable":true,"href":"https:\/\/loveforever.se\/no\/wp-json\/wp\/v2\/product_tag?post=533498"}],"curies":[{"name":"wp","href":"https:\/\/api.w.org\/{rel}","templated":true}]}}