{"id":539016,"date":"2024-06-11T20:06:21","date_gmt":"2024-06-11T18:06:21","guid":{"rendered":"https:\/\/loveforever.se\/?post_type=product&#038;p=539016"},"modified":"2026-04-29T12:51:16","modified_gmt":"2026-04-29T10:51:16","slug":"matilda-bow-dress-violet","status":"publish","type":"product","link":"https:\/\/loveforever.se\/no\/produkt\/matilda-bow-dress-violet\/","title":{"rendered":"Matilda Rosettkl\u00e4nning Violet"},"content":{"rendered":"","protected":false},"excerpt":{"rendered":"<p>Uppt\u00e4ck den fantastiska Matilda Tunic, en bohemisk tunika eller kort kl\u00e4nning i 100% viscose. Denna stiliga design ger dig friheten att sj\u00e4lv v\u00e4lja om du vill knyta banden fram eller bak, vilket g\u00f6r den b\u00e5de m\u00e5ngsidig och trendig. Oavsett hur du b\u00e4r den, kommer du att f\u00e5 en k\u00e4nsla av frihet och en boho chic look med de fina rosetterna som detalj.<\/p>\n<p>Tunika och kl\u00e4nning i ett \u2013 perfekt f\u00f6r b\u00e5de vardag och fest! Normal i storlek och en verklig garderobsh\u00f6jdare som ger dig en bekv\u00e4m och stilren look. F\u00e5nga den bohemiska k\u00e4nslan och uppdatera din garderob med denna vackra tunika.<\/p>\n<p>100% viscose<br \/>\nM\u00e5tt:<br \/>\nS-M armh\u00e5la-armh\u00e5la 50cm, l\u00e4ngd 87cm<br \/>\nM-L armh\u00e5la-armh\u00e5la 54cm, l\u00e4ngd 90cm<br \/>\nL-XL armh\u00e5la-armh\u00e5la 58cm, l\u00e4ngd 93cm<\/p>","protected":false},"featured_media":539015,"comment_status":"open","ping_status":"closed","template":"","meta":{"_acf_changed":false},"product_brand":[],"product_cat":[1251,1247],"product_tag":[],"class_list":{"0":"post-539016","1":"product","2":"type-product","3":"status-publish","4":"has-post-thumbnail","6":"product_cat-blusar-rea","7":"product_cat-klanningar-rea","9":"first","10":"instock","11":"sale","12":"taxable","13":"shipping-taxable","14":"purchasable","15":"product-type-variable"},"acf":[],"gallery_images":[539013,539014],"_links":{"self":[{"href":"https:\/\/loveforever.se\/no\/wp-json\/wp\/v2\/product\/539016","targetHints":{"allow":["GET"]}}],"collection":[{"href":"https:\/\/loveforever.se\/no\/wp-json\/wp\/v2\/product"}],"about":[{"href":"https:\/\/loveforever.se\/no\/wp-json\/wp\/v2\/types\/product"}],"replies":[{"embeddable":true,"href":"https:\/\/loveforever.se\/no\/wp-json\/wp\/v2\/comments?post=539016"}],"wp:featuredmedia":[{"embeddable":true,"href":"https:\/\/loveforever.se\/no\/wp-json\/wp\/v2\/media\/539015"}],"wp:attachment":[{"href":"https:\/\/loveforever.se\/no\/wp-json\/wp\/v2\/media?parent=539016"}],"wp:term":[{"taxonomy":"product_brand","embeddable":true,"href":"https:\/\/loveforever.se\/no\/wp-json\/wp\/v2\/product_brand?post=539016"},{"taxonomy":"product_cat","embeddable":true,"href":"https:\/\/loveforever.se\/no\/wp-json\/wp\/v2\/product_cat?post=539016"},{"taxonomy":"product_tag","embeddable":true,"href":"https:\/\/loveforever.se\/no\/wp-json\/wp\/v2\/product_tag?post=539016"}],"curies":[{"name":"wp","href":"https:\/\/api.w.org\/{rel}","templated":true}]}}