{"id":540226,"date":"2024-06-24T08:38:23","date_gmt":"2024-06-24T06:38:23","guid":{"rendered":"https:\/\/loveforever.se\/?post_type=product&#038;p=540226"},"modified":"2026-04-20T14:32:45","modified_gmt":"2026-04-20T12:32:45","slug":"maria-m-favourite-lip-gloss-baby-cakes","status":"publish","type":"product","link":"https:\/\/loveforever.se\/no\/produkt\/maria-m-favourite-lip-gloss-baby-cakes\/","title":{"rendered":"Maria M Favourite Lip Gloss Baby Cakes"},"content":{"rendered":"","protected":false},"excerpt":{"rendered":"<p>V\u00e5rt andra favvo-gloss i mjuk, gosig konsistens, i den perfekta ljusrosa f\u00e4rgen. Superfint att kombinera med Favvo lipgloss. Och det kommer fr\u00e5n LA! Mjukt, sk\u00f6nt och v\u00e4lg\u00f6rande f\u00f6r l\u00e4pparna, med shea butter! <\/p>","protected":false},"featured_media":565091,"comment_status":"closed","ping_status":"closed","template":"","meta":{"_acf_changed":false},"product_brand":[],"product_cat":[1133,1180],"product_tag":[],"class_list":{"0":"post-540226","1":"product","2":"type-product","3":"status-publish","4":"has-post-thumbnail","6":"product_cat-accessoarer","7":"product_cat-skonhet","9":"first","10":"instock","11":"taxable","12":"shipping-taxable","13":"purchasable","14":"product-type-simple"},"acf":[],"gallery_images":[565092],"_links":{"self":[{"href":"https:\/\/loveforever.se\/no\/wp-json\/wp\/v2\/product\/540226","targetHints":{"allow":["GET"]}}],"collection":[{"href":"https:\/\/loveforever.se\/no\/wp-json\/wp\/v2\/product"}],"about":[{"href":"https:\/\/loveforever.se\/no\/wp-json\/wp\/v2\/types\/product"}],"replies":[{"embeddable":true,"href":"https:\/\/loveforever.se\/no\/wp-json\/wp\/v2\/comments?post=540226"}],"wp:featuredmedia":[{"embeddable":true,"href":"https:\/\/loveforever.se\/no\/wp-json\/wp\/v2\/media\/565091"}],"wp:attachment":[{"href":"https:\/\/loveforever.se\/no\/wp-json\/wp\/v2\/media?parent=540226"}],"wp:term":[{"taxonomy":"product_brand","embeddable":true,"href":"https:\/\/loveforever.se\/no\/wp-json\/wp\/v2\/product_brand?post=540226"},{"taxonomy":"product_cat","embeddable":true,"href":"https:\/\/loveforever.se\/no\/wp-json\/wp\/v2\/product_cat?post=540226"},{"taxonomy":"product_tag","embeddable":true,"href":"https:\/\/loveforever.se\/no\/wp-json\/wp\/v2\/product_tag?post=540226"}],"curies":[{"name":"wp","href":"https:\/\/api.w.org\/{rel}","templated":true}]}}