{"id":547433,"date":"2024-10-01T20:45:31","date_gmt":"2024-10-01T18:45:31","guid":{"rendered":"https:\/\/loveforever.se\/?post_type=product&#038;p=547433"},"modified":"2026-01-22T20:43:34","modified_gmt":"2026-01-22T19:43:34","slug":"sailors-hat","status":"publish","type":"product","link":"https:\/\/loveforever.se\/no\/produkt\/sailors-hat\/","title":{"rendered":"Sailors Hat Svart"},"content":{"rendered":"","protected":false},"excerpt":{"rendered":"<p>Denna sailorhatt \u00e4r b\u00e5de cool, trendig och otroligt snygg \u2013 ett m\u00e5ste f\u00f6r dig som vill ge din stil en unik twist! Perfekt att matcha med olika outfits f\u00f6r att skapa en look som verkligen sticker ut. Oavsett om du vill ge vardagen en touch av marina vibes eller addera n\u00e5got extra till din feststil, kommer denna hatt att bli en sj\u00e4lvklar favorit.<\/p>","protected":false},"featured_media":557962,"comment_status":"open","ping_status":"closed","template":"","meta":{"_acf_changed":false},"product_brand":[],"product_cat":[1133,1134,1240,1203],"product_tag":[],"class_list":{"0":"post-547433","1":"product","2":"type-product","3":"status-publish","4":"has-post-thumbnail","6":"product_cat-accessoarer","7":"product_cat-mossor-hattar","8":"product_cat-rea-30","9":"product_cat-rea","11":"first","12":"instock","13":"sale","14":"taxable","15":"shipping-taxable","16":"purchasable","17":"product-type-variable"},"acf":[],"gallery_images":[557963,557959],"_links":{"self":[{"href":"https:\/\/loveforever.se\/no\/wp-json\/wp\/v2\/product\/547433","targetHints":{"allow":["GET"]}}],"collection":[{"href":"https:\/\/loveforever.se\/no\/wp-json\/wp\/v2\/product"}],"about":[{"href":"https:\/\/loveforever.se\/no\/wp-json\/wp\/v2\/types\/product"}],"replies":[{"embeddable":true,"href":"https:\/\/loveforever.se\/no\/wp-json\/wp\/v2\/comments?post=547433"}],"wp:featuredmedia":[{"embeddable":true,"href":"https:\/\/loveforever.se\/no\/wp-json\/wp\/v2\/media\/557962"}],"wp:attachment":[{"href":"https:\/\/loveforever.se\/no\/wp-json\/wp\/v2\/media?parent=547433"}],"wp:term":[{"taxonomy":"product_brand","embeddable":true,"href":"https:\/\/loveforever.se\/no\/wp-json\/wp\/v2\/product_brand?post=547433"},{"taxonomy":"product_cat","embeddable":true,"href":"https:\/\/loveforever.se\/no\/wp-json\/wp\/v2\/product_cat?post=547433"},{"taxonomy":"product_tag","embeddable":true,"href":"https:\/\/loveforever.se\/no\/wp-json\/wp\/v2\/product_tag?post=547433"}],"curies":[{"name":"wp","href":"https:\/\/api.w.org\/{rel}","templated":true}]}}