{"id":547889,"date":"2024-10-10T17:15:53","date_gmt":"2024-10-10T15:15:53","guid":{"rendered":"https:\/\/loveforever.se\/?post_type=product&#038;p=547889"},"modified":"2026-04-26T17:49:26","modified_gmt":"2026-04-26T15:49:26","slug":"fransk-basker-manga-farger","status":"publish","type":"product","link":"https:\/\/loveforever.se\/no\/produkt\/fransk-basker-manga-farger\/","title":{"rendered":"Fransk Basker &#8211; m\u00e5nga f\u00e4rger"},"content":{"rendered":"","protected":false},"excerpt":{"rendered":"<p>Superfin basker som du kan variera hur mycket som helst. One size som passar alla. Ej syntet!<br \/>\nPurple \u00e4r den m\u00f6rkare lila &#8211; violet \u00e4r den som modellen har med ljusrosa p\u00e4lsjacka. <\/p>","protected":false},"featured_media":560234,"comment_status":"closed","ping_status":"closed","template":"","meta":{"_acf_changed":false},"product_brand":[],"product_cat":[1133,1134],"product_tag":[],"class_list":{"0":"post-547889","1":"product","2":"type-product","3":"status-publish","4":"has-post-thumbnail","6":"product_cat-accessoarer","7":"product_cat-mossor-hattar","9":"first","10":"instock","11":"taxable","12":"shipping-taxable","13":"purchasable","14":"product-type-variable"},"acf":[],"gallery_images":[547880,547878,547953,560233,560232,560258,560253,560252,560251,560259,560250,560249],"_links":{"self":[{"href":"https:\/\/loveforever.se\/no\/wp-json\/wp\/v2\/product\/547889","targetHints":{"allow":["GET"]}}],"collection":[{"href":"https:\/\/loveforever.se\/no\/wp-json\/wp\/v2\/product"}],"about":[{"href":"https:\/\/loveforever.se\/no\/wp-json\/wp\/v2\/types\/product"}],"replies":[{"embeddable":true,"href":"https:\/\/loveforever.se\/no\/wp-json\/wp\/v2\/comments?post=547889"}],"wp:featuredmedia":[{"embeddable":true,"href":"https:\/\/loveforever.se\/no\/wp-json\/wp\/v2\/media\/560234"}],"wp:attachment":[{"href":"https:\/\/loveforever.se\/no\/wp-json\/wp\/v2\/media?parent=547889"}],"wp:term":[{"taxonomy":"product_brand","embeddable":true,"href":"https:\/\/loveforever.se\/no\/wp-json\/wp\/v2\/product_brand?post=547889"},{"taxonomy":"product_cat","embeddable":true,"href":"https:\/\/loveforever.se\/no\/wp-json\/wp\/v2\/product_cat?post=547889"},{"taxonomy":"product_tag","embeddable":true,"href":"https:\/\/loveforever.se\/no\/wp-json\/wp\/v2\/product_tag?post=547889"}],"curies":[{"name":"wp","href":"https:\/\/api.w.org\/{rel}","templated":true}]}}