{"id":551613,"date":"2025-01-07T09:37:12","date_gmt":"2025-01-07T08:37:12","guid":{"rendered":"https:\/\/loveforever.se\/?post_type=product&#038;p=551613"},"modified":"2026-01-28T11:56:36","modified_gmt":"2026-01-28T10:56:36","slug":"zoe-klanning-taupe-med-offshoulder-och-slits","status":"publish","type":"product","link":"https:\/\/loveforever.se\/no\/produkt\/zoe-klanning-taupe-med-offshoulder-och-slits\/","title":{"rendered":"Zoe Kl\u00e4nning Taupe med Offshoulder och Slits"},"content":{"rendered":"","protected":false},"excerpt":{"rendered":"<p>Denna fantastiska kl\u00e4nning i mjukt stickat material i en elegant taupe f\u00e4rg kombinerar komfort med en trendig design. Med en cool sk\u00e4rning vid halsen och off-shoulder p\u00e5 ena sidan, samt en slits vid benet p\u00e5 motsvarande sida, f\u00e5r du en modern och feminin look. Kl\u00e4nningens figursmickrande passform och midjes\u00f6m framh\u00e4ver din silhuett och g\u00f6r den lika fin till jobbet, en shoppingrunda p\u00e5 stan eller en festlig kv\u00e4ll. B\u00e4r den med boots, h\u00f6gklackade sandaler, ballerinas eller sneakers f\u00f6r olika tillf\u00e4llen. En perfekt allround-kl\u00e4nning som ger b\u00e5de stil och komfort.<\/p>","protected":false},"featured_media":551596,"comment_status":"open","ping_status":"closed","template":"","meta":{"_acf_changed":false},"product_brand":[],"product_cat":[1151,1138,1247,1154,1243,1203],"product_tag":[],"class_list":{"0":"post-551613","1":"product","2":"type-product","3":"status-publish","4":"has-post-thumbnail","6":"product_cat-klanningar-dam","7":"product_cat-klanningar-tunikor","8":"product_cat-klanningar-rea","9":"product_cat-langa","10":"product_cat-rea-70","11":"product_cat-rea","13":"first","14":"instock","15":"sale","16":"taxable","17":"shipping-taxable","18":"purchasable","19":"product-type-variable"},"acf":[],"gallery_images":[551595,551594,551592,551591,551597],"_links":{"self":[{"href":"https:\/\/loveforever.se\/no\/wp-json\/wp\/v2\/product\/551613","targetHints":{"allow":["GET"]}}],"collection":[{"href":"https:\/\/loveforever.se\/no\/wp-json\/wp\/v2\/product"}],"about":[{"href":"https:\/\/loveforever.se\/no\/wp-json\/wp\/v2\/types\/product"}],"replies":[{"embeddable":true,"href":"https:\/\/loveforever.se\/no\/wp-json\/wp\/v2\/comments?post=551613"}],"wp:featuredmedia":[{"embeddable":true,"href":"https:\/\/loveforever.se\/no\/wp-json\/wp\/v2\/media\/551596"}],"wp:attachment":[{"href":"https:\/\/loveforever.se\/no\/wp-json\/wp\/v2\/media?parent=551613"}],"wp:term":[{"taxonomy":"product_brand","embeddable":true,"href":"https:\/\/loveforever.se\/no\/wp-json\/wp\/v2\/product_brand?post=551613"},{"taxonomy":"product_cat","embeddable":true,"href":"https:\/\/loveforever.se\/no\/wp-json\/wp\/v2\/product_cat?post=551613"},{"taxonomy":"product_tag","embeddable":true,"href":"https:\/\/loveforever.se\/no\/wp-json\/wp\/v2\/product_tag?post=551613"}],"curies":[{"name":"wp","href":"https:\/\/api.w.org\/{rel}","templated":true}]}}