{"id":552772,"date":"2025-02-03T22:56:39","date_gmt":"2025-02-03T21:56:39","guid":{"rendered":"https:\/\/loveforever.se\/?post_type=product&#038;p=552772"},"modified":"2026-04-13T11:02:25","modified_gmt":"2026-04-13T09:02:25","slug":"michele-stretchig-klanning-bla-miss-tess","status":"publish","type":"product","link":"https:\/\/loveforever.se\/no\/produkt\/michele-stretchig-klanning-bla-miss-tess\/","title":{"rendered":"Michele Stretchig Kl\u00e4nning Bl\u00e5 &#8211; Miss Tess"},"content":{"rendered":"","protected":false},"excerpt":{"rendered":"<p>Denna supersnygga, kroppsn\u00e4ra kl\u00e4nning fr\u00e5n Miss Tess i en vacker bl\u00e5 f\u00e4rg \u00e4r ett m\u00e5ste i garderoben! Med sin stretchiga passform och scrunch-effekt framtill f\u00e5r du en fantastisk silhuett som framh\u00e4ver dina kurvor p\u00e5 b\u00e4sta s\u00e4tt. Kl\u00e4nningen har en cool design d\u00e4r den \u00e4r kortare fram \u00e4n bak, vilket ger en perfekt m\u00f6jlighet att visa upp b\u00e5de ben och skor.<\/p>\n<p>Du kommer garanterat att f\u00e5 alla blickar p\u00e5 dig n\u00e4r du b\u00e4r denna kl\u00e4nning \u2013 den \u00e4r b\u00e5de feminin och trendig. B\u00e4r den med boots f\u00f6r en avslappnad men stilig look, s\u00e4tt p\u00e5 klackar f\u00f6r en festkv\u00e4ll, eller v\u00e4lj sneakers f\u00f6r en bekv\u00e4m shoppingrunda. Den h\u00e4r kl\u00e4nningen \u00e4r lika m\u00e5ngsidig som den \u00e4r stilren, och kommer bli en ny favorit i din garderob.<\/p>\n<p>Ellie har ett bystm\u00e5tt p\u00e5 100 cm och b\u00e4r storlek S.<\/p>","protected":false},"featured_media":552776,"comment_status":"open","ping_status":"closed","template":"","meta":{"_acf_changed":false},"product_brand":[],"product_cat":[1181],"product_tag":[],"class_list":{"0":"post-552772","1":"product","2":"type-product","3":"status-publish","4":"has-post-thumbnail","6":"product_cat-fynda","8":"first","9":"instock","10":"sale","11":"taxable","12":"shipping-taxable","13":"purchasable","14":"product-type-variable"},"acf":[],"gallery_images":[552757,552756,552754,552755],"_links":{"self":[{"href":"https:\/\/loveforever.se\/no\/wp-json\/wp\/v2\/product\/552772","targetHints":{"allow":["GET"]}}],"collection":[{"href":"https:\/\/loveforever.se\/no\/wp-json\/wp\/v2\/product"}],"about":[{"href":"https:\/\/loveforever.se\/no\/wp-json\/wp\/v2\/types\/product"}],"replies":[{"embeddable":true,"href":"https:\/\/loveforever.se\/no\/wp-json\/wp\/v2\/comments?post=552772"}],"wp:featuredmedia":[{"embeddable":true,"href":"https:\/\/loveforever.se\/no\/wp-json\/wp\/v2\/media\/552776"}],"wp:attachment":[{"href":"https:\/\/loveforever.se\/no\/wp-json\/wp\/v2\/media?parent=552772"}],"wp:term":[{"taxonomy":"product_brand","embeddable":true,"href":"https:\/\/loveforever.se\/no\/wp-json\/wp\/v2\/product_brand?post=552772"},{"taxonomy":"product_cat","embeddable":true,"href":"https:\/\/loveforever.se\/no\/wp-json\/wp\/v2\/product_cat?post=552772"},{"taxonomy":"product_tag","embeddable":true,"href":"https:\/\/loveforever.se\/no\/wp-json\/wp\/v2\/product_tag?post=552772"}],"curies":[{"name":"wp","href":"https:\/\/api.w.org\/{rel}","templated":true}]}}