{"id":553561,"date":"2025-02-19T09:33:21","date_gmt":"2025-02-19T08:33:21","guid":{"rendered":"https:\/\/loveforever.se\/?post_type=product&#038;p=553561"},"modified":"2026-05-03T20:41:17","modified_gmt":"2026-05-03T18:41:17","slug":"pam-solglasogon-svarta-bruna","status":"publish","type":"product","link":"https:\/\/loveforever.se\/no\/produkt\/pam-solglasogon-svarta-bruna\/","title":{"rendered":"Pam Solglas\u00f6gon, svarta\/bruna"},"content":{"rendered":"","protected":false},"excerpt":{"rendered":"<p>Supercoola och trendiga solglas\u00f6gon i brunt eller svart. Sk\u00f6na att b\u00e4ra och l\u00e4tta. <\/p>","protected":false},"featured_media":553582,"comment_status":"open","ping_status":"closed","template":"","meta":{"_acf_changed":false},"product_brand":[],"product_cat":[1133,1240,1260,1203],"product_tag":[],"class_list":{"0":"post-553561","1":"product","2":"type-product","3":"status-publish","4":"has-post-thumbnail","6":"product_cat-accessoarer","7":"product_cat-rea-30","8":"product_cat-solglasogon","9":"product_cat-rea","11":"first","12":"instock","13":"sale","14":"taxable","15":"shipping-taxable","16":"purchasable","17":"product-type-variable"},"acf":[],"gallery_images":[553572,553573,553570,553569,553571],"_links":{"self":[{"href":"https:\/\/loveforever.se\/no\/wp-json\/wp\/v2\/product\/553561","targetHints":{"allow":["GET"]}}],"collection":[{"href":"https:\/\/loveforever.se\/no\/wp-json\/wp\/v2\/product"}],"about":[{"href":"https:\/\/loveforever.se\/no\/wp-json\/wp\/v2\/types\/product"}],"replies":[{"embeddable":true,"href":"https:\/\/loveforever.se\/no\/wp-json\/wp\/v2\/comments?post=553561"}],"wp:featuredmedia":[{"embeddable":true,"href":"https:\/\/loveforever.se\/no\/wp-json\/wp\/v2\/media\/553582"}],"wp:attachment":[{"href":"https:\/\/loveforever.se\/no\/wp-json\/wp\/v2\/media?parent=553561"}],"wp:term":[{"taxonomy":"product_brand","embeddable":true,"href":"https:\/\/loveforever.se\/no\/wp-json\/wp\/v2\/product_brand?post=553561"},{"taxonomy":"product_cat","embeddable":true,"href":"https:\/\/loveforever.se\/no\/wp-json\/wp\/v2\/product_cat?post=553561"},{"taxonomy":"product_tag","embeddable":true,"href":"https:\/\/loveforever.se\/no\/wp-json\/wp\/v2\/product_tag?post=553561"}],"curies":[{"name":"wp","href":"https:\/\/api.w.org\/{rel}","templated":true}]}}