{"id":553657,"date":"2025-02-19T17:00:33","date_gmt":"2025-02-19T16:00:33","guid":{"rendered":"https:\/\/loveforever.se\/?post_type=product&#038;p=553657"},"modified":"2025-12-09T19:16:12","modified_gmt":"2025-12-09T18:16:12","slug":"heart-chain-belt-gold-silver","status":"publish","type":"product","link":"https:\/\/loveforever.se\/no\/produkt\/heart-chain-belt-gold-silver\/","title":{"rendered":"Heart Chain Belt Gold\/Silver"},"content":{"rendered":"","protected":false},"excerpt":{"rendered":"<p>Bohemiskt kedjeb\u00e4lte med hj\u00e4rtan, superfint! B\u00e4r till kl\u00e4nning, \u00f6ver jeans, till l\u00e5ngskjortan, p\u00e5 bar mage till bikini.<br \/>\nL\u00e4ngd ca 95cm. <\/p>","protected":false},"featured_media":553654,"comment_status":"open","ping_status":"closed","template":"","meta":{"_acf_changed":false},"product_brand":[],"product_cat":[1133,1259],"product_tag":[],"class_list":{"0":"post-553657","1":"product","2":"type-product","3":"status-publish","4":"has-post-thumbnail","6":"product_cat-accessoarer","7":"product_cat-skarp","9":"first","10":"instock","11":"taxable","12":"shipping-taxable","13":"purchasable","14":"product-type-variable"},"acf":[],"gallery_images":[553656,553655,553653],"_links":{"self":[{"href":"https:\/\/loveforever.se\/no\/wp-json\/wp\/v2\/product\/553657","targetHints":{"allow":["GET"]}}],"collection":[{"href":"https:\/\/loveforever.se\/no\/wp-json\/wp\/v2\/product"}],"about":[{"href":"https:\/\/loveforever.se\/no\/wp-json\/wp\/v2\/types\/product"}],"replies":[{"embeddable":true,"href":"https:\/\/loveforever.se\/no\/wp-json\/wp\/v2\/comments?post=553657"}],"wp:featuredmedia":[{"embeddable":true,"href":"https:\/\/loveforever.se\/no\/wp-json\/wp\/v2\/media\/553654"}],"wp:attachment":[{"href":"https:\/\/loveforever.se\/no\/wp-json\/wp\/v2\/media?parent=553657"}],"wp:term":[{"taxonomy":"product_brand","embeddable":true,"href":"https:\/\/loveforever.se\/no\/wp-json\/wp\/v2\/product_brand?post=553657"},{"taxonomy":"product_cat","embeddable":true,"href":"https:\/\/loveforever.se\/no\/wp-json\/wp\/v2\/product_cat?post=553657"},{"taxonomy":"product_tag","embeddable":true,"href":"https:\/\/loveforever.se\/no\/wp-json\/wp\/v2\/product_tag?post=553657"}],"curies":[{"name":"wp","href":"https:\/\/api.w.org\/{rel}","templated":true}]}}