{"id":556392,"date":"2025-04-03T10:21:31","date_gmt":"2025-04-03T08:21:31","guid":{"rendered":"https:\/\/loveforever.se\/?post_type=product&#038;p=556392"},"modified":"2026-01-11T20:17:11","modified_gmt":"2026-01-11T19:17:11","slug":"trippel-flower-hairclip-rosa-gul-coral","status":"publish","type":"product","link":"https:\/\/loveforever.se\/no\/produkt\/trippel-flower-hairclip-rosa-gul-coral\/","title":{"rendered":"Trippel Flower Hairclip &#8211; rosa, gul, coral"},"content":{"rendered":"","protected":false},"excerpt":{"rendered":"<p>Superfint st\u00f6rre h\u00e5rsp\u00e4nne med tre blommor. Sitter bra i h\u00e5ret. Har du inte supertjockt och l\u00e5ngt h\u00e5r f\u00e5r du plats med att s\u00e4tta upp hela h\u00e5ret. <\/p>","protected":false},"featured_media":556393,"comment_status":"open","ping_status":"closed","template":"","meta":{"_acf_changed":false},"product_brand":[],"product_cat":[1133],"product_tag":[],"class_list":{"0":"post-556392","1":"product","2":"type-product","3":"status-publish","4":"has-post-thumbnail","6":"product_cat-accessoarer","8":"first","9":"instock","10":"taxable","11":"shipping-taxable","12":"purchasable","13":"product-type-variable"},"acf":[],"gallery_images":[556395,556394,556396,556397],"_links":{"self":[{"href":"https:\/\/loveforever.se\/no\/wp-json\/wp\/v2\/product\/556392","targetHints":{"allow":["GET"]}}],"collection":[{"href":"https:\/\/loveforever.se\/no\/wp-json\/wp\/v2\/product"}],"about":[{"href":"https:\/\/loveforever.se\/no\/wp-json\/wp\/v2\/types\/product"}],"replies":[{"embeddable":true,"href":"https:\/\/loveforever.se\/no\/wp-json\/wp\/v2\/comments?post=556392"}],"wp:featuredmedia":[{"embeddable":true,"href":"https:\/\/loveforever.se\/no\/wp-json\/wp\/v2\/media\/556393"}],"wp:attachment":[{"href":"https:\/\/loveforever.se\/no\/wp-json\/wp\/v2\/media?parent=556392"}],"wp:term":[{"taxonomy":"product_brand","embeddable":true,"href":"https:\/\/loveforever.se\/no\/wp-json\/wp\/v2\/product_brand?post=556392"},{"taxonomy":"product_cat","embeddable":true,"href":"https:\/\/loveforever.se\/no\/wp-json\/wp\/v2\/product_cat?post=556392"},{"taxonomy":"product_tag","embeddable":true,"href":"https:\/\/loveforever.se\/no\/wp-json\/wp\/v2\/product_tag?post=556392"}],"curies":[{"name":"wp","href":"https:\/\/api.w.org\/{rel}","templated":true}]}}