{"id":556955,"date":"2025-04-11T14:42:31","date_gmt":"2025-04-11T12:42:31","guid":{"rendered":"https:\/\/loveforever.se\/?post_type=product&#038;p=556955"},"modified":"2025-11-30T00:34:47","modified_gmt":"2025-11-29T23:34:47","slug":"darcy-boots-akta-semsket-skinn","status":"publish","type":"product","link":"https:\/\/loveforever.se\/no\/produkt\/darcy-boots-akta-mocka\/","title":{"rendered":"Darcy Boots - ekte semsket skinn!"},"content":{"rendered":"","protected":false},"excerpt":{"rendered":"<p>Oppdag v\u00e5re fantastiske boots i mykt semsket skinn \u2013 en ekte trendfavoritt i 2025! H\u00e5ndlaget i Italia. Denne modellen kombinerer stil med komfort: laget av ekte, pustende semsket skinn som er snillere mot f\u00f8ttene dine enn syntetiske materialer og som gj\u00f8r at du slipper den klamme f\u00f8lelsen du ofte f\u00e5r i vegansk skinn.<\/p>\n<p>Skoene er perfekte \u00e5 bruke til jeans, korte kjoler, skj\u00f8rt eller shorts \u2013 et must i v\u00e5rgarderoben! Normale i st\u00f8rrelsen.<\/p>\n<p>Match dem med en bohochic stil for en look som fungerer like bra til hverdags som til fest.<\/p>","protected":false},"featured_media":556951,"comment_status":"open","ping_status":"closed","template":"","meta":{"_acf_changed":false},"product_brand":[],"product_cat":[1148,1241,1139,1203],"product_tag":[],"class_list":{"0":"post-556955","1":"product","2":"type-product","3":"status-publish","4":"has-post-thumbnail","6":"product_cat-boots","7":"product_cat-rea-50","8":"product_cat-skor","9":"product_cat-rea","11":"first","12":"instock","13":"sale","14":"taxable","15":"shipping-taxable","16":"purchasable","17":"product-type-variable"},"acf":[],"gallery_images":[556953,556950,556954],"_links":{"self":[{"href":"https:\/\/loveforever.se\/no\/wp-json\/wp\/v2\/product\/556955","targetHints":{"allow":["GET"]}}],"collection":[{"href":"https:\/\/loveforever.se\/no\/wp-json\/wp\/v2\/product"}],"about":[{"href":"https:\/\/loveforever.se\/no\/wp-json\/wp\/v2\/types\/product"}],"replies":[{"embeddable":true,"href":"https:\/\/loveforever.se\/no\/wp-json\/wp\/v2\/comments?post=556955"}],"wp:featuredmedia":[{"embeddable":true,"href":"https:\/\/loveforever.se\/no\/wp-json\/wp\/v2\/media\/556951"}],"wp:attachment":[{"href":"https:\/\/loveforever.se\/no\/wp-json\/wp\/v2\/media?parent=556955"}],"wp:term":[{"taxonomy":"product_brand","embeddable":true,"href":"https:\/\/loveforever.se\/no\/wp-json\/wp\/v2\/product_brand?post=556955"},{"taxonomy":"product_cat","embeddable":true,"href":"https:\/\/loveforever.se\/no\/wp-json\/wp\/v2\/product_cat?post=556955"},{"taxonomy":"product_tag","embeddable":true,"href":"https:\/\/loveforever.se\/no\/wp-json\/wp\/v2\/product_tag?post=556955"}],"curies":[{"name":"wp","href":"https:\/\/api.w.org\/{rel}","templated":true}]}}