{"id":560779,"date":"2025-06-02T14:44:13","date_gmt":"2025-06-02T12:44:13","guid":{"rendered":"https:\/\/loveforever.se\/?post_type=product&#038;p=560779"},"modified":"2026-05-06T16:47:51","modified_gmt":"2026-05-06T14:47:51","slug":"grace-spetstopp-vit","status":"publish","type":"product","link":"https:\/\/loveforever.se\/no\/produkt\/grace-spetstopp-vit\/","title":{"rendered":"Grace Spetstopp Vit"},"content":{"rendered":"","protected":false},"excerpt":{"rendered":"<p>Supers\u00f6t topp i spets med res\u00e5r vid midjan eller lite l\u00e4ngre ner som ger smickrande feminin passform. ej genomskinlig p\u00e5 kroppen fram och bak. One size, passar XS-eget bystm\u00e5tt p\u00e5 105cm. <\/p>","protected":false},"featured_media":536429,"comment_status":"open","ping_status":"closed","template":"","meta":{"_acf_changed":false},"product_brand":[],"product_cat":[1147,1159],"product_tag":[],"class_list":{"0":"post-560779","1":"product","2":"type-product","3":"status-publish","4":"has-post-thumbnail","6":"product_cat-toppar-blusar","7":"product_cat-nyheter","9":"first","10":"outofstock","11":"taxable","12":"shipping-taxable","13":"purchasable","14":"product-type-simple"},"acf":[],"gallery_images":[536434,536425,536429,536431],"_links":{"self":[{"href":"https:\/\/loveforever.se\/no\/wp-json\/wp\/v2\/product\/560779","targetHints":{"allow":["GET"]}}],"collection":[{"href":"https:\/\/loveforever.se\/no\/wp-json\/wp\/v2\/product"}],"about":[{"href":"https:\/\/loveforever.se\/no\/wp-json\/wp\/v2\/types\/product"}],"replies":[{"embeddable":true,"href":"https:\/\/loveforever.se\/no\/wp-json\/wp\/v2\/comments?post=560779"}],"wp:featuredmedia":[{"embeddable":true,"href":"https:\/\/loveforever.se\/no\/wp-json\/wp\/v2\/media\/536429"}],"wp:attachment":[{"href":"https:\/\/loveforever.se\/no\/wp-json\/wp\/v2\/media?parent=560779"}],"wp:term":[{"taxonomy":"product_brand","embeddable":true,"href":"https:\/\/loveforever.se\/no\/wp-json\/wp\/v2\/product_brand?post=560779"},{"taxonomy":"product_cat","embeddable":true,"href":"https:\/\/loveforever.se\/no\/wp-json\/wp\/v2\/product_cat?post=560779"},{"taxonomy":"product_tag","embeddable":true,"href":"https:\/\/loveforever.se\/no\/wp-json\/wp\/v2\/product_tag?post=560779"}],"curies":[{"name":"wp","href":"https:\/\/api.w.org\/{rel}","templated":true}]}}