{"id":560969,"date":"2025-06-04T15:11:35","date_gmt":"2025-06-04T13:11:35","guid":{"rendered":"https:\/\/loveforever.se\/?post_type=product&#038;p=560969"},"modified":"2026-05-06T12:50:50","modified_gmt":"2026-05-06T10:50:50","slug":"berry-solglasogon-svarta","status":"publish","type":"product","link":"https:\/\/loveforever.se\/no\/produkt\/berry-solglasogon-svarta\/","title":{"rendered":"Berry Solglas\u00f6gon Svarta"},"content":{"rendered":"","protected":false},"excerpt":{"rendered":"<p>Supercoola och trendiga solglas\u00f6gon i brunt eller svart. Sk\u00f6na att b\u00e4ra och l\u00e4tta. <\/p>","protected":false},"featured_media":554285,"comment_status":"open","ping_status":"closed","template":"","meta":{"_acf_changed":false},"product_brand":[],"product_cat":[1133,1240,1260,1203],"product_tag":[],"class_list":{"0":"post-560969","1":"product","2":"type-product","3":"status-publish","4":"has-post-thumbnail","6":"product_cat-accessoarer","7":"product_cat-rea-30","8":"product_cat-solglasogon","9":"product_cat-rea","11":"first","12":"instock","13":"sale","14":"taxable","15":"shipping-taxable","16":"purchasable","17":"product-type-simple"},"acf":[],"gallery_images":[],"_links":{"self":[{"href":"https:\/\/loveforever.se\/no\/wp-json\/wp\/v2\/product\/560969","targetHints":{"allow":["GET"]}}],"collection":[{"href":"https:\/\/loveforever.se\/no\/wp-json\/wp\/v2\/product"}],"about":[{"href":"https:\/\/loveforever.se\/no\/wp-json\/wp\/v2\/types\/product"}],"replies":[{"embeddable":true,"href":"https:\/\/loveforever.se\/no\/wp-json\/wp\/v2\/comments?post=560969"}],"wp:featuredmedia":[{"embeddable":true,"href":"https:\/\/loveforever.se\/no\/wp-json\/wp\/v2\/media\/554285"}],"wp:attachment":[{"href":"https:\/\/loveforever.se\/no\/wp-json\/wp\/v2\/media?parent=560969"}],"wp:term":[{"taxonomy":"product_brand","embeddable":true,"href":"https:\/\/loveforever.se\/no\/wp-json\/wp\/v2\/product_brand?post=560969"},{"taxonomy":"product_cat","embeddable":true,"href":"https:\/\/loveforever.se\/no\/wp-json\/wp\/v2\/product_cat?post=560969"},{"taxonomy":"product_tag","embeddable":true,"href":"https:\/\/loveforever.se\/no\/wp-json\/wp\/v2\/product_tag?post=560969"}],"curies":[{"name":"wp","href":"https:\/\/api.w.org\/{rel}","templated":true}]}}