{"id":561538,"date":"2025-06-13T14:15:58","date_gmt":"2025-06-13T12:15:58","guid":{"rendered":"https:\/\/loveforever.se\/?post_type=product&#038;p=561538"},"modified":"2026-05-07T13:08:53","modified_gmt":"2026-05-07T11:08:53","slug":"lottie-bomullsblus","status":"publish","type":"product","link":"https:\/\/loveforever.se\/no\/produkt\/lottie-bomullsblus\/","title":{"rendered":"Lottie Bomullsblus med rosettknyte &#8211; puderrosa"},"content":{"rendered":"","protected":false},"excerpt":{"rendered":"<p>\u2728 Magiskt vacker bohemisk blus i 100% bomull \u2013 perfekt f\u00f6r varma dagar eller lager p\u00e5 lager till svalare kv\u00e4llar. Tyget \u00e4r mjukt, luftigt och krinklat \u2013 vilket g\u00f6r den helt strykfri och otroligt sk\u00f6n att b\u00e4ra.<\/p>\n<p>\ud83c\udfa8 F\u00e4rgpaletten g\u00e5r i harmoniska nyanser av rosa, orange, gul och puderrosa \u2013 en riktig f\u00e4rgklick som andas sommar, sol och medelhav.<\/p>\n<p>\ud83d\udc57 Blusen har romantiska volangdetaljer kring halsringningen, med feminina rosettknytningar ist\u00e4llet f\u00f6r knappar \u2013 en vacker detalj som ger extra karakt\u00e4r. \u00c4rmarna avslutas med res\u00e5r och en s\u00f6t liten volang \u2013 du kan b\u00e4ra dem nedhasade eller dra upp f\u00f6r ett puffigt uttryck.<\/p>\n<p>\u2714\ufe0f One Size, passar dig som vanligtvis b\u00e4r XS till L (se m\u00e5tt nedan f\u00f6r exakt passform).<br \/>\n\u2714\ufe0f 100 % bomull \u2013 naturligt, andningsbart och behagligt mot huden.<br \/>\n\u2714\ufe0f Designad f\u00f6r en avslappnad boho-luxe look.<\/p>\n<p>\ud83e\uddf3 Perfekt att packa med p\u00e5 resan \u2013 inga skrynklor, inga bekymmer.<\/p>\n<p>M\u00e5tt (t\u00e4nk p\u00e5 att det alltid kan skilja upp till 1,5cm)<br \/>\narmh\u00e5la-armh\u00e5la 56cm<br \/>\nL\u00e4ngd 58cm<\/p>","protected":false},"featured_media":561536,"comment_status":"open","ping_status":"closed","template":"","meta":{"_acf_changed":false},"product_brand":[],"product_cat":[1147,1159],"product_tag":[],"class_list":{"0":"post-561538","1":"product","2":"type-product","3":"status-publish","4":"has-post-thumbnail","6":"product_cat-toppar-blusar","7":"product_cat-nyheter","9":"first","10":"instock","11":"taxable","12":"shipping-taxable","13":"purchasable","14":"product-type-simple"},"acf":[],"gallery_images":[561533,561532,561531,561537,561535,561534],"_links":{"self":[{"href":"https:\/\/loveforever.se\/no\/wp-json\/wp\/v2\/product\/561538","targetHints":{"allow":["GET"]}}],"collection":[{"href":"https:\/\/loveforever.se\/no\/wp-json\/wp\/v2\/product"}],"about":[{"href":"https:\/\/loveforever.se\/no\/wp-json\/wp\/v2\/types\/product"}],"replies":[{"embeddable":true,"href":"https:\/\/loveforever.se\/no\/wp-json\/wp\/v2\/comments?post=561538"}],"wp:featuredmedia":[{"embeddable":true,"href":"https:\/\/loveforever.se\/no\/wp-json\/wp\/v2\/media\/561536"}],"wp:attachment":[{"href":"https:\/\/loveforever.se\/no\/wp-json\/wp\/v2\/media?parent=561538"}],"wp:term":[{"taxonomy":"product_brand","embeddable":true,"href":"https:\/\/loveforever.se\/no\/wp-json\/wp\/v2\/product_brand?post=561538"},{"taxonomy":"product_cat","embeddable":true,"href":"https:\/\/loveforever.se\/no\/wp-json\/wp\/v2\/product_cat?post=561538"},{"taxonomy":"product_tag","embeddable":true,"href":"https:\/\/loveforever.se\/no\/wp-json\/wp\/v2\/product_tag?post=561538"}],"curies":[{"name":"wp","href":"https:\/\/api.w.org\/{rel}","templated":true}]}}