{"id":563402,"date":"2025-07-25T04:21:20","date_gmt":"2025-07-25T02:21:20","guid":{"rendered":"https:\/\/loveforever.se\/?post_type=product&#038;p=563402"},"modified":"2026-04-19T23:09:41","modified_gmt":"2026-04-19T21:09:41","slug":"eagle-tshirtklanning-camel","status":"publish","type":"product","link":"https:\/\/loveforever.se\/no\/produkt\/eagle-tshirtklanning-camel\/","title":{"rendered":"Eagle Tshirtkl\u00e4nning Camel"},"content":{"rendered":"","protected":false},"excerpt":{"rendered":"<p>T-shirtkl\u00e4nning i bomull \u2013 camel med gulddetaljer<\/p>\n<p>En kl\u00e4nning att leva i! Den h\u00e4r t-shirtkl\u00e4nningen i varm camelf\u00e4rgad bomull med stretch (95 % bomull, 5 % elastan) \u00e4r b\u00e5de snygg och superbekv\u00e4m. V-ringad hals, muddar vid \u00e4rmarna, fickor i sidorna och slitsar nedtill g\u00f6r den perfekt f\u00f6r b\u00e5de vardag och avslappnat cool stil.<\/p>\n<p>Br\u00f6stet pryds av ett eagle-tryck i guld, som ger looken det lilla extra. B\u00e4r den med boots, sneakers, kofta eller jacka \u2013 \u00e5ret runt.<\/p>\n<p>Material: 95 % bomull, 5 % elastan<br \/>\nF\u00e4rg: Camel med guldf\u00e4rgat \u00f6rntryck<br \/>\nDetaljer: V-ringning, muddar vid \u00e4rmarna, fickor i sidorna, slitsar nertill<br \/>\nPassform: Bekv\u00e4m, rak modell med stretch<br \/>\nStorlek &#038; m\u00e5tt (ej utstr\u00e4ckta):<br \/>\nS\/M \u2013 Armh\u00e5la\u2013armh\u00e5la ca 50 cm, l\u00e4ngd ca 123 cm<br \/>\nL\/XL \u2013 Armh\u00e5la\u2013armh\u00e5la ca 53 cm, l\u00e4ngd ca 125 cm<br \/>\nT\u00e4nk p\u00e5 att tyget \u00e4r stretchigt \u2013 m\u00e5tten \u00e4r i vilol\u00e4ge.<\/p>","protected":false},"featured_media":563378,"comment_status":"open","ping_status":"closed","template":"","meta":{"_acf_changed":false},"product_brand":[],"product_cat":[1247,1241,1203],"product_tag":[],"class_list":{"0":"post-563402","1":"product","2":"type-product","3":"status-publish","4":"has-post-thumbnail","6":"product_cat-klanningar-rea","7":"product_cat-rea-50","8":"product_cat-rea","10":"first","11":"instock","12":"sale","13":"taxable","14":"shipping-taxable","15":"purchasable","16":"product-type-variable"},"acf":[],"gallery_images":[563381,563379,563380,563377],"_links":{"self":[{"href":"https:\/\/loveforever.se\/no\/wp-json\/wp\/v2\/product\/563402","targetHints":{"allow":["GET"]}}],"collection":[{"href":"https:\/\/loveforever.se\/no\/wp-json\/wp\/v2\/product"}],"about":[{"href":"https:\/\/loveforever.se\/no\/wp-json\/wp\/v2\/types\/product"}],"replies":[{"embeddable":true,"href":"https:\/\/loveforever.se\/no\/wp-json\/wp\/v2\/comments?post=563402"}],"wp:featuredmedia":[{"embeddable":true,"href":"https:\/\/loveforever.se\/no\/wp-json\/wp\/v2\/media\/563378"}],"wp:attachment":[{"href":"https:\/\/loveforever.se\/no\/wp-json\/wp\/v2\/media?parent=563402"}],"wp:term":[{"taxonomy":"product_brand","embeddable":true,"href":"https:\/\/loveforever.se\/no\/wp-json\/wp\/v2\/product_brand?post=563402"},{"taxonomy":"product_cat","embeddable":true,"href":"https:\/\/loveforever.se\/no\/wp-json\/wp\/v2\/product_cat?post=563402"},{"taxonomy":"product_tag","embeddable":true,"href":"https:\/\/loveforever.se\/no\/wp-json\/wp\/v2\/product_tag?post=563402"}],"curies":[{"name":"wp","href":"https:\/\/api.w.org\/{rel}","templated":true}]}}