{"id":564411,"date":"2025-08-21T21:35:45","date_gmt":"2025-08-21T19:35:45","guid":{"rendered":"https:\/\/loveforever.se\/?post_type=product&#038;p=564411"},"modified":"2026-03-11T13:16:50","modified_gmt":"2026-03-11T12:16:50","slug":"relax-blus-svart","status":"publish","type":"product","link":"https:\/\/loveforever.se\/no\/produkt\/relax-blus-svart\/","title":{"rendered":"Relax Blus Svart"},"content":{"rendered":"","protected":false},"excerpt":{"rendered":"<p>\ud83d\udda4 Produkttext \u2013 Silkig viskostopp med dragsko &#038; trumpet\u00e4rmar<\/p>\n<p>En blus att \u00e4lska \u2013 oavsett tillf\u00e4lle!<br \/>\nDenna superfina topp i silkig viskos \u00e4r b\u00e5de bekv\u00e4m och smickrande, med en vacker drapering tack vare dragskon framtill. Du kan b\u00e4ra den som p\u00e5 bild \u2013 lite croppad \u2013 eller dra ner f\u00f6r ett l\u00e4ngre, mer klassiskt fall.<\/p>\n<p>Trumpet\u00e4rmarna ger extra r\u00f6relse och en passform som funkar f\u00f6r alla typer av armar. Tyget har ett fint, silkigt fall som k\u00e4nns lyxigt men l\u00e4ttburet.<\/p>\n<p>\u2728 Perfekt att b\u00e4ra med jeans till vardags, eller styla med skinnleggings, festbyxor eller kjol f\u00f6r en mer dressad look.<br \/>\nOne size \u2013 passar XS till L. Modellen p\u00e5 bilden \u00e4r 169\u202fcm.<\/p>\n<p>\ud83d\udda4 Silkig viskostopp med dragsko<br \/>\n\ud83d\udda4 Trumpet\u00e4rmar f\u00f6r smickrande passform<br \/>\n\ud83d\udda4 Justerbar l\u00e4ngd framtill<br \/>\n\ud83d\udda4 Enkel att kl\u00e4 upp eller ner<br \/>\n\ud83d\udda4 One size (XS\u2013L)<\/p>","protected":false},"featured_media":564302,"comment_status":"open","ping_status":"closed","template":"","meta":{"_acf_changed":false},"product_brand":[],"product_cat":[1181],"product_tag":[],"class_list":{"0":"post-564411","1":"product","2":"type-product","3":"status-publish","4":"has-post-thumbnail","6":"product_cat-fynda","8":"first","9":"instock","10":"sale","11":"taxable","12":"shipping-taxable","13":"purchasable","14":"product-type-simple"},"acf":[],"gallery_images":[564301,564300],"_links":{"self":[{"href":"https:\/\/loveforever.se\/no\/wp-json\/wp\/v2\/product\/564411","targetHints":{"allow":["GET"]}}],"collection":[{"href":"https:\/\/loveforever.se\/no\/wp-json\/wp\/v2\/product"}],"about":[{"href":"https:\/\/loveforever.se\/no\/wp-json\/wp\/v2\/types\/product"}],"replies":[{"embeddable":true,"href":"https:\/\/loveforever.se\/no\/wp-json\/wp\/v2\/comments?post=564411"}],"wp:featuredmedia":[{"embeddable":true,"href":"https:\/\/loveforever.se\/no\/wp-json\/wp\/v2\/media\/564302"}],"wp:attachment":[{"href":"https:\/\/loveforever.se\/no\/wp-json\/wp\/v2\/media?parent=564411"}],"wp:term":[{"taxonomy":"product_brand","embeddable":true,"href":"https:\/\/loveforever.se\/no\/wp-json\/wp\/v2\/product_brand?post=564411"},{"taxonomy":"product_cat","embeddable":true,"href":"https:\/\/loveforever.se\/no\/wp-json\/wp\/v2\/product_cat?post=564411"},{"taxonomy":"product_tag","embeddable":true,"href":"https:\/\/loveforever.se\/no\/wp-json\/wp\/v2\/product_tag?post=564411"}],"curies":[{"name":"wp","href":"https:\/\/api.w.org\/{rel}","templated":true}]}}