{"id":564533,"date":"2025-08-25T11:39:08","date_gmt":"2025-08-25T09:39:08","guid":{"rendered":"https:\/\/loveforever.se\/?post_type=product&#038;p=564533"},"modified":"2026-04-28T13:11:07","modified_gmt":"2026-04-28T11:11:07","slug":"sydney-utsvangda-streatcheans","status":"publish","type":"product","link":"https:\/\/loveforever.se\/no\/produkt\/sydney-utsvangda-streatcheans\/","title":{"rendered":"Sydney Utsv\u00e4ngda Streatcheans"},"content":{"rendered":"","protected":false},"excerpt":{"rendered":"<p>M\u00f6rkare flarejeans med stretch &#038; r\u00e5 kant<\/p>\n<p>De perfekta jeansen f\u00f6r dig som \u00e4lskar kombon av snygg passform, sk\u00f6n stretch och trendig flare-look!<br \/>\nDe h\u00e4r m\u00f6rkare jeansen har utsv\u00e4ngda ben med r\u00e5 kant nedtill, vilket ger en cool siluett som b\u00e5de f\u00f6rl\u00e4nger benen och lyfter hela looken. Midjan \u00e4r normal till h\u00f6g \u2013 precis d\u00e4r det k\u00e4nns b\u00e4st \u2013 och stretchkvaliteten g\u00f6r dem superbekv\u00e4ma hela dagen.<\/p>\n<p>Snygga till sneakers, boots eller klackar \u2013 lika r\u00e4tt till vardag som till en utekv\u00e4ll.<\/p>\n<p>\ud83d\udda4 M\u00f6rk denimtv\u00e4tt \u2013 l\u00e4tt att matcha<br \/>\n\ud83d\udda4 Sk\u00f6n stretch och f\u00f6ljsam passform<br \/>\n\ud83d\udda4 Utsv\u00e4ngda flare-ben med r\u00e5 kant<br \/>\n\ud83d\udda4 Normal till h\u00f6g midja<br \/>\n\ud83d\udda4 Normala i storlek<br \/>\n\ud83d\udda4 Snygga med b\u00e5de toppar, blusar &#038; stickat<\/p>\n<p>\u2728 En garderobsklassiker med attityd \u2013 som du kommer vilja b\u00e4ra om och om igen.<\/p>","protected":false},"featured_media":564542,"comment_status":"open","ping_status":"closed","template":"","meta":{"_acf_changed":false},"product_brand":[],"product_cat":[1145,1240,1268,1222,1203],"product_tag":[],"class_list":{"0":"post-564533","1":"product","2":"type-product","3":"status-publish","4":"has-post-thumbnail","6":"product_cat-denim","7":"product_cat-rea-30","8":"product_cat-readenim","9":"product_cat-stretch-jeans-dam","10":"product_cat-rea","12":"first","13":"instock","14":"sale","15":"taxable","16":"shipping-taxable","17":"purchasable","18":"product-type-variable"},"acf":[],"gallery_images":[564540,564541],"_links":{"self":[{"href":"https:\/\/loveforever.se\/no\/wp-json\/wp\/v2\/product\/564533","targetHints":{"allow":["GET"]}}],"collection":[{"href":"https:\/\/loveforever.se\/no\/wp-json\/wp\/v2\/product"}],"about":[{"href":"https:\/\/loveforever.se\/no\/wp-json\/wp\/v2\/types\/product"}],"replies":[{"embeddable":true,"href":"https:\/\/loveforever.se\/no\/wp-json\/wp\/v2\/comments?post=564533"}],"wp:featuredmedia":[{"embeddable":true,"href":"https:\/\/loveforever.se\/no\/wp-json\/wp\/v2\/media\/564542"}],"wp:attachment":[{"href":"https:\/\/loveforever.se\/no\/wp-json\/wp\/v2\/media?parent=564533"}],"wp:term":[{"taxonomy":"product_brand","embeddable":true,"href":"https:\/\/loveforever.se\/no\/wp-json\/wp\/v2\/product_brand?post=564533"},{"taxonomy":"product_cat","embeddable":true,"href":"https:\/\/loveforever.se\/no\/wp-json\/wp\/v2\/product_cat?post=564533"},{"taxonomy":"product_tag","embeddable":true,"href":"https:\/\/loveforever.se\/no\/wp-json\/wp\/v2\/product_tag?post=564533"}],"curies":[{"name":"wp","href":"https:\/\/api.w.org\/{rel}","templated":true}]}}