{"id":564635,"date":"2025-08-27T11:21:09","date_gmt":"2025-08-27T09:21:09","guid":{"rendered":"https:\/\/loveforever.se\/?post_type=product&#038;p=564635"},"modified":"2026-04-10T10:12:47","modified_gmt":"2026-04-10T08:12:47","slug":"nancy-boots-black-kopia","status":"publish","type":"product","link":"https:\/\/loveforever.se\/no\/produkt\/nancy-boots-black-kopia\/","title":{"rendered":"Nancy Boots Black"},"content":{"rendered":"","protected":false},"excerpt":{"rendered":"<p>Fina boots med dragkedja \u2013 perfekt f\u00f6r stil och komfort!<\/p>\n<p>Dessa boots i mjuk fuskmocka \u00e4r b\u00e5de snygga och bekv\u00e4ma att g\u00e5 i! Med en praktisk dragkedja p\u00e5 insidan och en 7 cm klack f\u00e5r du b\u00e5de h\u00f6jd och stil. De \u00e4r normala i storlek, men om du ligger mellan tv\u00e5 storlekar kan du v\u00e4lja den mindre storleken f\u00f6r en mer \u00e5tsittande passform.<\/p>\n<p>\u2728 Varf\u00f6r du kommer \u00e4lska dem:<\/p>\n<p>Komfort hela dagen: Sk\u00f6na att g\u00e5 i, trots klacken.<br \/>\nPerfekt passform: Passar upp till vadomkrets p\u00e5 42 cm.<br \/>\nStilren design: Enkla men eleganta boots som passar till allt fr\u00e5n jeans till kl\u00e4nningar.<br \/>\nKlicka hem dina nya favoritboots nu \u2013 b\u00e5de f\u00f6r stil och komfort!<\/p>","protected":false},"featured_media":540262,"comment_status":"open","ping_status":"closed","template":"","meta":{"_acf_changed":false},"product_brand":[],"product_cat":[1148,1139],"product_tag":[],"class_list":{"0":"post-564635","1":"product","2":"type-product","3":"status-publish","4":"has-post-thumbnail","6":"product_cat-boots","7":"product_cat-skor","9":"first","10":"instock","11":"taxable","12":"shipping-taxable","13":"purchasable","14":"product-type-variable"},"acf":[],"gallery_images":[],"_links":{"self":[{"href":"https:\/\/loveforever.se\/no\/wp-json\/wp\/v2\/product\/564635","targetHints":{"allow":["GET"]}}],"collection":[{"href":"https:\/\/loveforever.se\/no\/wp-json\/wp\/v2\/product"}],"about":[{"href":"https:\/\/loveforever.se\/no\/wp-json\/wp\/v2\/types\/product"}],"replies":[{"embeddable":true,"href":"https:\/\/loveforever.se\/no\/wp-json\/wp\/v2\/comments?post=564635"}],"wp:featuredmedia":[{"embeddable":true,"href":"https:\/\/loveforever.se\/no\/wp-json\/wp\/v2\/media\/540262"}],"wp:attachment":[{"href":"https:\/\/loveforever.se\/no\/wp-json\/wp\/v2\/media?parent=564635"}],"wp:term":[{"taxonomy":"product_brand","embeddable":true,"href":"https:\/\/loveforever.se\/no\/wp-json\/wp\/v2\/product_brand?post=564635"},{"taxonomy":"product_cat","embeddable":true,"href":"https:\/\/loveforever.se\/no\/wp-json\/wp\/v2\/product_cat?post=564635"},{"taxonomy":"product_tag","embeddable":true,"href":"https:\/\/loveforever.se\/no\/wp-json\/wp\/v2\/product_tag?post=564635"}],"curies":[{"name":"wp","href":"https:\/\/api.w.org\/{rel}","templated":true}]}}